{"id":9252,"date":"2021-01-26T21:42:56","date_gmt":"2021-01-26T21:42:56","guid":{"rendered":"https:\/\/bruderklaus.com\/himmlische-pfade\/"},"modified":"2021-04-23T11:02:41","modified_gmt":"2021-04-23T09:02:41","slug":"himmlische-pfade","status":"publish","type":"page","link":"https:\/\/bruderklaus.com\/fr\/orte-informationen\/pilgerwege\/himmlische-pfade\/","title":{"rendered":"Chemins c\u00e9lestes"},"content":{"rendered":"\n<div class=\"wp-block-columns is-layout-flex wp-container-core-columns-layout-1 wp-block-columns-is-layout-flex\">\n<div class=\"wp-block-column is-layout-flow wp-block-column-is-layout-flow\">\n<figure class=\"wp-block-image size-large\"><img decoding=\"async\" src=\"https:\/\/bruderklaus.com\/wp-content\/uploads\/2021\/03\/Rengg_2-90-x-60-cm-1024x681.jpg\" alt=\"\" class=\"wp-image-1805\"\/><\/figure>\n<\/div>\n\n\n\n<div class=\"wp-block-column is-layout-flow wp-block-column-is-layout-flow\">\n<p><strong><strong>Chemins c\u00e9lestes <\/strong>(Himmlische Pfade)<\/strong><\/p>\n\n\n\n<p>Faire des randonn\u00e9es, profiter du paysage, faire l&#8217;exp\u00e9rience du silence sur les \u00abChemins c\u00e9lestes\u00bb\u00a0: un r\u00e9seau dense de sentiers relie des joyaux sacr\u00e9s cach\u00e9s en Suisse centrale.<\/p>\n\n\n\n<p>La section n\u00b0 2 m\u00e8ne de la chapelle de p\u00e8lerinage d&#8217;Hergiswald, au-dessus de Kriens pr\u00e8s de Lucerne, \u00e0 l&#8217;\u00abespace sacr\u00e9 et de p\u00e8lerinage de Fr\u00e8re Nicolas\u00bb.<\/p>\n\n\n\n<p>30 km, mont\u00e9e 1000 m, descente 955 m<br>Des chemins et des sentiers essentiellement naturels<\/p>\n\n\n\n<p><a href=\"https:\/\/jakobsweg.ch\/de\/eu\/ch\/himmlische-pfade-schweiz\/himmlische-2\/hergiswald-flueeliranft\/\" class=\"broken_link\">En plus<\/a><\/p>\n<\/div>\n<\/div>\n","protected":false},"excerpt":{"rendered":"<p>Chemins c\u00e9lestes (Himmlische Pfade) Faire des randonn\u00e9es, profiter du paysage, faire l&#8217;exp\u00e9rience du silence sur les \u00abChemins c\u00e9lestes\u00bb\u00a0: un r\u00e9seau dense de sentiers relie des joyaux sacr\u00e9s cach\u00e9s en Suisse centrale. La section n\u00b0 2 m\u00e8ne de la chapelle de p\u00e8lerinage d&#8217;Hergiswald, au-dessus de Kriens pr\u00e8s de Lucerne, \u00e0 l&#8217;\u00abespace sacr\u00e9 et de p\u00e8lerinage de [&hellip;]<\/p>\n","protected":false},"author":3,"featured_media":1808,"parent":9608,"menu_order":310,"comment_status":"closed","ping_status":"closed","template":"","meta":{"_acf_changed":false,"footnotes":""},"acf":[],"_links":{"self":[{"href":"https:\/\/bruderklaus.com\/fr\/wp-json\/wp\/v2\/pages\/9252"}],"collection":[{"href":"https:\/\/bruderklaus.com\/fr\/wp-json\/wp\/v2\/pages"}],"about":[{"href":"https:\/\/bruderklaus.com\/fr\/wp-json\/wp\/v2\/types\/page"}],"author":[{"embeddable":true,"href":"https:\/\/bruderklaus.com\/fr\/wp-json\/wp\/v2\/users\/3"}],"replies":[{"embeddable":true,"href":"https:\/\/bruderklaus.com\/fr\/wp-json\/wp\/v2\/comments?post=9252"}],"version-history":[{"count":3,"href":"https:\/\/bruderklaus.com\/fr\/wp-json\/wp\/v2\/pages\/9252\/revisions"}],"predecessor-version":[{"id":9257,"href":"https:\/\/bruderklaus.com\/fr\/wp-json\/wp\/v2\/pages\/9252\/revisions\/9257"}],"up":[{"embeddable":true,"href":"https:\/\/bruderklaus.com\/fr\/wp-json\/wp\/v2\/pages\/9608"}],"wp:featuredmedia":[{"embeddable":true,"href":"https:\/\/bruderklaus.com\/fr\/wp-json\/wp\/v2\/media\/1808"}],"wp:attachment":[{"href":"https:\/\/bruderklaus.com\/fr\/wp-json\/wp\/v2\/media?parent=9252"}],"curies":[{"name":"wp","href":"https:\/\/api.w.org\/{rel}","templated":true}]}}