{"id":9244,"date":"2021-01-26T21:42:56","date_gmt":"2021-01-26T21:42:56","guid":{"rendered":"https:\/\/bruderklaus.com\/grabkapelle\/"},"modified":"2021-04-23T10:55:01","modified_gmt":"2021-04-23T08:55:01","slug":"grabkapelle","status":"publish","type":"page","link":"https:\/\/bruderklaus.com\/fr\/orte-informationen\/sachseln\/grabkapelle\/","title":{"rendered":"Chapelle du tombeau"},"content":{"rendered":"\n<h2 class=\"wp-block-heading\"><strong>La chapelle du tombeau<\/strong><\/h2>\n\n\n\n<div class=\"wp-block-columns is-layout-flex wp-container-core-columns-layout-1 wp-block-columns-is-layout-flex\">\n<div class=\"wp-block-column is-layout-flow wp-block-column-is-layout-flow\">\n<figure class=\"wp-block-image size-large\"><img decoding=\"async\" src=\"https:\/\/bruderklaus.com\/wp-content\/uploads\/2021\/03\/20180905_085623_v1-1024x634.jpg\" alt=\"\" class=\"wp-image-1087\"\/><\/figure>\n<\/div>\n\n\n\n<div class=\"wp-block-column is-layout-flow wp-block-column-is-layout-flow\">\n<p>Nicolas de Fl\u00fce a \u00e9t\u00e9 enseveli en 1487 dans la nef de l\u2019\u00e9glise m\u00e9di\u00e9vale et recouvert d\u2019une plaque de gr\u00e8s avec un bas-relief de sa personne. En 1518, les reliques furent transf\u00e9r\u00e9s au m\u00eame endroit dans un tombeau de pierre sur\u00e9lev\u00e9. Son tombeau devint un monument religieux et un lieu de p\u00e8lerinage.<\/p>\n\n\n\n<p>Ce tombeau de pierre se trouve dans la chapelle mortuaire. La premi\u00e8re sculpture qui se trouve en-dessous est \u00e0 peine reconnaissable.<\/p>\n\n\n\n<p>En 1679, les reliques furent transf\u00e9r\u00e9es dans l\u2019\u00e9glise nouvellement construite.<\/p>\n<\/div>\n<\/div>\n\n\n\n<div class=\"wp-block-columns is-layout-flex wp-container-core-columns-layout-2 wp-block-columns-is-layout-flex\">\n<div class=\"wp-block-column is-layout-flow wp-block-column-is-layout-flow\">\n<figure class=\"wp-block-image size-large\"><img decoding=\"async\" width=\"1024\" height=\"680\" src=\"https:\/\/bruderklaus.com\/wp-content\/uploads\/2021\/03\/Sachseln-chapelle-tombeau-Nicolas-02-1024x680.jpg\" alt=\"\" class=\"wp-image-4144\" srcset=\"https:\/\/bruderklaus.com\/wp-content\/uploads\/2021\/03\/Sachseln-chapelle-tombeau-Nicolas-02-1024x680.jpg 1024w, https:\/\/bruderklaus.com\/wp-content\/uploads\/2021\/03\/Sachseln-chapelle-tombeau-Nicolas-02-300x199.jpg 300w, https:\/\/bruderklaus.com\/wp-content\/uploads\/2021\/03\/Sachseln-chapelle-tombeau-Nicolas-02-768x510.jpg 768w, https:\/\/bruderklaus.com\/wp-content\/uploads\/2021\/03\/Sachseln-chapelle-tombeau-Nicolas-02-1536x1020.jpg 1536w, https:\/\/bruderklaus.com\/wp-content\/uploads\/2021\/03\/Sachseln-chapelle-tombeau-Nicolas-02.jpg 2048w, https:\/\/bruderklaus.com\/wp-content\/uploads\/2021\/03\/Sachseln-chapelle-tombeau-Nicolas-02-600x398.jpg 600w\" sizes=\"(max-width: 1024px) 100vw, 1024px\" \/><\/figure>\n<\/div>\n\n\n\n<div class=\"wp-block-column is-layout-flow wp-block-column-is-layout-flow\">\n<figure class=\"wp-block-image size-large\"><img decoding=\"async\" width=\"1024\" height=\"680\" src=\"https:\/\/bruderklaus.com\/wp-content\/uploads\/2021\/03\/Sachseln-chapelle-tombeau-Nicolas-06-1024x680.jpg\" alt=\"\" class=\"wp-image-4150\" srcset=\"https:\/\/bruderklaus.com\/wp-content\/uploads\/2021\/03\/Sachseln-chapelle-tombeau-Nicolas-06-1024x680.jpg 1024w, https:\/\/bruderklaus.com\/wp-content\/uploads\/2021\/03\/Sachseln-chapelle-tombeau-Nicolas-06-300x199.jpg 300w, https:\/\/bruderklaus.com\/wp-content\/uploads\/2021\/03\/Sachseln-chapelle-tombeau-Nicolas-06-768x510.jpg 768w, https:\/\/bruderklaus.com\/wp-content\/uploads\/2021\/03\/Sachseln-chapelle-tombeau-Nicolas-06-1536x1020.jpg 1536w, https:\/\/bruderklaus.com\/wp-content\/uploads\/2021\/03\/Sachseln-chapelle-tombeau-Nicolas-06.jpg 2048w, https:\/\/bruderklaus.com\/wp-content\/uploads\/2021\/03\/Sachseln-chapelle-tombeau-Nicolas-06-600x398.jpg 600w\" sizes=\"(max-width: 1024px) 100vw, 1024px\" \/><\/figure>\n<\/div>\n\n\n\n<div class=\"wp-block-column is-layout-flow wp-block-column-is-layout-flow\">\n<figure class=\"wp-block-image size-large\"><img decoding=\"async\" width=\"1024\" height=\"680\" src=\"https:\/\/bruderklaus.com\/wp-content\/uploads\/2021\/03\/Sachseln-Ranft-27-2-2017-193-1024x680.jpg\" alt=\"\" class=\"wp-image-4147\" srcset=\"https:\/\/bruderklaus.com\/wp-content\/uploads\/2021\/03\/Sachseln-Ranft-27-2-2017-193-1024x680.jpg 1024w, https:\/\/bruderklaus.com\/wp-content\/uploads\/2021\/03\/Sachseln-Ranft-27-2-2017-193-300x199.jpg 300w, https:\/\/bruderklaus.com\/wp-content\/uploads\/2021\/03\/Sachseln-Ranft-27-2-2017-193-768x510.jpg 768w, https:\/\/bruderklaus.com\/wp-content\/uploads\/2021\/03\/Sachseln-Ranft-27-2-2017-193-1536x1020.jpg 1536w, https:\/\/bruderklaus.com\/wp-content\/uploads\/2021\/03\/Sachseln-Ranft-27-2-2017-193.jpg 2048w, https:\/\/bruderklaus.com\/wp-content\/uploads\/2021\/03\/Sachseln-Ranft-27-2-2017-193-600x398.jpg 600w\" sizes=\"(max-width: 1024px) 100vw, 1024px\" \/><\/figure>\n<\/div>\n<\/div>\n","protected":false},"excerpt":{"rendered":"<p>La chapelle du tombeau Nicolas de Fl\u00fce a \u00e9t\u00e9 enseveli en 1487 dans la nef de l\u2019\u00e9glise m\u00e9di\u00e9vale et recouvert d\u2019une plaque de gr\u00e8s avec un bas-relief de sa personne. En 1518, les reliques furent transf\u00e9r\u00e9s au m\u00eame endroit dans un tombeau de pierre sur\u00e9lev\u00e9. Son tombeau devint un monument religieux et un lieu de [&hellip;]<\/p>\n","protected":false},"author":3,"featured_media":1158,"parent":9421,"menu_order":30,"comment_status":"closed","ping_status":"closed","template":"","meta":{"_acf_changed":false,"footnotes":""},"acf":[],"_links":{"self":[{"href":"https:\/\/bruderklaus.com\/fr\/wp-json\/wp\/v2\/pages\/9244"}],"collection":[{"href":"https:\/\/bruderklaus.com\/fr\/wp-json\/wp\/v2\/pages"}],"about":[{"href":"https:\/\/bruderklaus.com\/fr\/wp-json\/wp\/v2\/types\/page"}],"author":[{"embeddable":true,"href":"https:\/\/bruderklaus.com\/fr\/wp-json\/wp\/v2\/users\/3"}],"replies":[{"embeddable":true,"href":"https:\/\/bruderklaus.com\/fr\/wp-json\/wp\/v2\/comments?post=9244"}],"version-history":[{"count":1,"href":"https:\/\/bruderklaus.com\/fr\/wp-json\/wp\/v2\/pages\/9244\/revisions"}],"predecessor-version":[{"id":9246,"href":"https:\/\/bruderklaus.com\/fr\/wp-json\/wp\/v2\/pages\/9244\/revisions\/9246"}],"up":[{"embeddable":true,"href":"https:\/\/bruderklaus.com\/fr\/wp-json\/wp\/v2\/pages\/9421"}],"wp:featuredmedia":[{"embeddable":true,"href":"https:\/\/bruderklaus.com\/fr\/wp-json\/wp\/v2\/media\/1158"}],"wp:attachment":[{"href":"https:\/\/bruderklaus.com\/fr\/wp-json\/wp\/v2\/media?parent=9244"}],"curies":[{"name":"wp","href":"https:\/\/api.w.org\/{rel}","templated":true}]}}