{"id":9235,"date":"2021-01-26T21:42:56","date_gmt":"2021-01-26T21:42:56","guid":{"rendered":"https:\/\/bruderklaus.com\/flueeli-ranft\/geburtshaus\/"},"modified":"2022-04-24T15:30:38","modified_gmt":"2022-04-24T13:30:38","slug":"geburtshaus","status":"publish","type":"page","link":"https:\/\/bruderklaus.com\/fr\/orte-informationen\/flueeli-ranft\/geburtshaus\/","title":{"rendered":"Maison natale"},"content":{"rendered":"\n<h2 class=\"wp-block-heading\"><strong>Maison natale de Nicolas de Fl\u00fce<\/strong><\/h2>\n\n\n\n<div class=\"wp-block-columns is-layout-flex wp-container-core-columns-layout-1 wp-block-columns-is-layout-flex\">\n<div class=\"wp-block-column is-layout-flow wp-block-column-is-layout-flow\" style=\"flex-basis:33.33%\">\n<figure class=\"wp-block-image size-large\"><img decoding=\"async\" width=\"1024\" height=\"1022\" src=\"https:\/\/bruderklaus.com\/wp-content\/uploads\/2021\/03\/orte_fleli_geburtshaus_geburtskammer0003332-1-1024x1022.jpg\" alt=\"\" class=\"wp-image-967\" srcset=\"https:\/\/bruderklaus.com\/wp-content\/uploads\/2021\/03\/orte_fleli_geburtshaus_geburtskammer0003332-1-1024x1022.jpg 1024w, https:\/\/bruderklaus.com\/wp-content\/uploads\/2021\/03\/orte_fleli_geburtshaus_geburtskammer0003332-1.jpg 2003w, https:\/\/bruderklaus.com\/wp-content\/uploads\/2021\/03\/orte_fleli_geburtshaus_geburtskammer0003332-1-150x150.jpg 150w, https:\/\/bruderklaus.com\/wp-content\/uploads\/2021\/03\/orte_fleli_geburtshaus_geburtskammer0003332-1-300x300.jpg 300w, https:\/\/bruderklaus.com\/wp-content\/uploads\/2021\/03\/orte_fleli_geburtshaus_geburtskammer0003332-1-768x767.jpg 768w, https:\/\/bruderklaus.com\/wp-content\/uploads\/2021\/03\/orte_fleli_geburtshaus_geburtskammer0003332-1-712x712.jpg 712w, https:\/\/bruderklaus.com\/wp-content\/uploads\/2021\/03\/orte_fleli_geburtshaus_geburtskammer0003332-1-100x100.jpg 100w\" sizes=\"(max-width: 1024px) 100vw, 1024px\" \/><\/figure>\n<\/div>\n\n\n\n<div class=\"wp-block-column is-layout-flow wp-block-column-is-layout-flow\" style=\"flex-basis:66.66%\">\n<p>La maison natale se trouve sur le domaine patrimonial de la famille de Fl\u00fce. C\u2019est dans cette maison que Nicolas est n\u00e9 ; il y a v\u00e9cu jusqu\u2019\u00e0 son mariage avec Doroth\u00e9e Wyss.<\/p>\n\n\n\n<p>Cette maison a \u00e9t\u00e9 transmise en h\u00e9ritage en ligne masculine directe jusqu\u2019en 1650 et elle est aujourd\u2019hui propri\u00e9t\u00e9 de la \u00abKapellen-Stiftung Fl\u00fceli-Ranft\u00bb \u00e9rig\u00e9e par Fr\u00e8re Nicolas. Son aspect actuelest d\u00fb \u00e0 une restauration en 1925 et rappelle la culture de l\u2019habitat du Bas Moyen \u00c2ge (14i\u00e8me\/15i\u00e8me si\u00e8cle).<\/p>\n\n\n\n<p>Visites d&#8217;avril \u00e0 octobre.<br>De novembre \u00e0 mars sur demande.<\/p>\n<\/div>\n<\/div>\n\n\n\n<div class=\"wp-block-columns is-layout-flex wp-container-core-columns-layout-2 wp-block-columns-is-layout-flex\">\n<div class=\"wp-block-column is-layout-flow wp-block-column-is-layout-flow\">\n<figure class=\"wp-block-image size-large\"><img decoding=\"async\" src=\"https:\/\/bruderklaus.com\/wp-content\/uploads\/2021\/03\/20180621_150054.jpg\" alt=\"\" class=\"wp-image-4195\"\/><\/figure>\n<\/div>\n\n\n\n<div class=\"wp-block-column is-layout-flow wp-block-column-is-layout-flow\">\n<figure class=\"wp-block-image size-large\"><img decoding=\"async\" width=\"1024\" height=\"768\" src=\"https:\/\/bruderklaus.com\/wp-content\/uploads\/2021\/03\/geburtshaus-1024x768.jpg\" alt=\"\" class=\"wp-image-897\" srcset=\"https:\/\/bruderklaus.com\/wp-content\/uploads\/2021\/03\/geburtshaus-1024x768.jpg 1024w, https:\/\/bruderklaus.com\/wp-content\/uploads\/2021\/03\/geburtshaus.jpg 2560w, https:\/\/bruderklaus.com\/wp-content\/uploads\/2021\/03\/geburtshaus-300x225.jpg 300w, https:\/\/bruderklaus.com\/wp-content\/uploads\/2021\/03\/geburtshaus-768x576.jpg 768w\" sizes=\"(max-width: 1024px) 100vw, 1024px\" \/><\/figure>\n<\/div>\n\n\n\n<div class=\"wp-block-column is-layout-flow wp-block-column-is-layout-flow\">\n<figure class=\"wp-block-image size-large\"><img decoding=\"async\" src=\"https:\/\/bruderklaus.com\/wp-content\/uploads\/2021\/03\/20180621_151912.jpg\" alt=\"\" class=\"wp-image-4198\"\/><\/figure>\n<\/div>\n<\/div>\n\n\n\n<div class=\"wp-block-columns is-layout-flex wp-container-core-columns-layout-3 wp-block-columns-is-layout-flex\">\n<div class=\"wp-block-column is-layout-flow wp-block-column-is-layout-flow\">\n<hr class=\"wp-block-separator\"\/>\n<\/div>\n<\/div>\n\n\n\n<div class=\"wp-block-columns is-layout-flex wp-container-core-columns-layout-4 wp-block-columns-is-layout-flex\">\n<div class=\"wp-block-column is-layout-flow wp-block-column-is-layout-flow\" style=\"flex-basis:33.33%\">\n<figure class=\"wp-block-image size-large\"><img decoding=\"async\" width=\"2560\" height=\"1440\" src=\"https:\/\/bruderklaus.com\/wp-content\/uploads\/2021\/03\/Film_GH_20200607_12133913.jpg\" alt=\"\" class=\"wp-image-1336\"\/><\/figure>\n<\/div>\n\n\n\n<div class=\"wp-block-column is-layout-flow wp-block-column-is-layout-flow\" style=\"flex-basis:66.66%\">\n<p>A l&#8217;\u00e9tage sup\u00e9rieur, film (15 min.) \u00abLes jeunes expliquent Nicolas de Fl\u00fce\u00bb (Jugend erkl\u00e4rt Niklaus von Fl\u00fce, film en allemand) sur la vie et l&#8217;\u0153uvre du saint patron de la Suisse.<\/p>\n\n\n\n<p>Accessible gratuitement pendant les heures d&#8217;ouverture.<\/p>\n<\/div>\n<\/div>\n\n\n\n<div class=\"wp-block-columns is-layout-flex wp-container-core-columns-layout-6 wp-block-columns-is-layout-flex\">\n<div class=\"wp-block-column is-layout-flow wp-block-column-is-layout-flow\" style=\"flex-basis:100%\">\n<div class=\"wp-block-columns is-layout-flex wp-container-core-columns-layout-5 wp-block-columns-is-layout-flex\">\n<div class=\"wp-block-column is-layout-flow wp-block-column-is-layout-flow\">\n<hr class=\"wp-block-separator\"\/>\n<\/div>\n<\/div>\n<\/div>\n<\/div>\n\n\n<p><a class=\"c-btn-main\"  href=\"https:\/\/bruderklaus.com\/fr\/orte-informationen\/anreise-oeffnungszeiten\/oeffnungszeiten\/\">Heures d&#8217;ouverture<\/a><\/p>","protected":false},"excerpt":{"rendered":"<p>Maison natale de Nicolas de Fl\u00fce La maison natale se trouve sur le domaine patrimonial de la famille de Fl\u00fce. C\u2019est dans cette maison que Nicolas est n\u00e9 ; il y a v\u00e9cu jusqu\u2019\u00e0 son mariage avec Doroth\u00e9e Wyss. Cette maison a \u00e9t\u00e9 transmise en h\u00e9ritage en ligne masculine directe jusqu\u2019en 1650 et elle est [&hellip;]<\/p>\n","protected":false},"author":3,"featured_media":1320,"parent":9210,"menu_order":70,"comment_status":"closed","ping_status":"closed","template":"","meta":{"_acf_changed":false,"footnotes":""},"acf":[],"_links":{"self":[{"href":"https:\/\/bruderklaus.com\/fr\/wp-json\/wp\/v2\/pages\/9235"}],"collection":[{"href":"https:\/\/bruderklaus.com\/fr\/wp-json\/wp\/v2\/pages"}],"about":[{"href":"https:\/\/bruderklaus.com\/fr\/wp-json\/wp\/v2\/types\/page"}],"author":[{"embeddable":true,"href":"https:\/\/bruderklaus.com\/fr\/wp-json\/wp\/v2\/users\/3"}],"replies":[{"embeddable":true,"href":"https:\/\/bruderklaus.com\/fr\/wp-json\/wp\/v2\/comments?post=9235"}],"version-history":[{"count":6,"href":"https:\/\/bruderklaus.com\/fr\/wp-json\/wp\/v2\/pages\/9235\/revisions"}],"predecessor-version":[{"id":15813,"href":"https:\/\/bruderklaus.com\/fr\/wp-json\/wp\/v2\/pages\/9235\/revisions\/15813"}],"up":[{"embeddable":true,"href":"https:\/\/bruderklaus.com\/fr\/wp-json\/wp\/v2\/pages\/9210"}],"wp:featuredmedia":[{"embeddable":true,"href":"https:\/\/bruderklaus.com\/fr\/wp-json\/wp\/v2\/media\/1320"}],"wp:attachment":[{"href":"https:\/\/bruderklaus.com\/fr\/wp-json\/wp\/v2\/media?parent=9235"}],"curies":[{"name":"wp","href":"https:\/\/api.w.org\/{rel}","templated":true}]}}