{"id":9231,"date":"2021-01-26T21:42:56","date_gmt":"2021-01-26T21:42:56","guid":{"rendered":"https:\/\/bruderklaus.com\/ranft\/friedenslicht\/"},"modified":"2022-04-24T15:46:22","modified_gmt":"2022-04-24T13:46:22","slug":"friedenslicht","status":"publish","type":"page","link":"https:\/\/bruderklaus.com\/fr\/orte-informationen\/ranft\/friedenslicht\/","title":{"rendered":"Lumi\u00e8re de la paix"},"content":{"rendered":"\n<h2 class=\"wp-block-heading\"><strong><strong>Lumi\u00e8re de la paix de Bethl\u00e9em au Ranft<\/strong><\/strong><\/h2>\n\n\n\n<p>Depuis 1986, la lumi\u00e8re de la paix est raviv\u00e9e dans la grotte de la Nativit\u00e9 de J\u00e9sus \u00e0 Bethl\u00e9em \u00e0 la mi-novembre. Elle voyage dans le monde entier comme un message de paix de No\u00ebl. Elle arrive aussi au Ranft, dans ce lieu de paix significatif pr\u00e8s de Fr\u00e8re Nicolas.<\/p>\n\n\n\n<p><strong><strong>Depuis d\u00e9cembre 2020, cette petite lumi\u00e8re d&#8217;espoir pour la paix br\u00fble toute l&#8217;ann\u00e9e dans la chapelle inf\u00e9rieure du Ranft.<\/strong><\/strong><\/p>\n\n\n\n<div class=\"wp-block-columns is-layout-flex wp-container-core-columns-layout-1 wp-block-columns-is-layout-flex\">\n<div class=\"wp-block-column is-layout-flow wp-block-column-is-layout-flow\">\n<figure class=\"wp-block-image size-large\"><img decoding=\"async\" width=\"1440\" height=\"2560\" src=\"https:\/\/bruderklaus.com\/wp-content\/uploads\/2021\/03\/201213_ranft_ankunft-friedenslicht-aus-bethlehem-20201213_172405-30-scaled1.jpg\" alt=\"\" class=\"wp-image-2135\"\/><\/figure>\n<\/div>\n\n\n\n<div class=\"wp-block-column is-layout-flow wp-block-column-is-layout-flow\">\n<p>Une invitation \u00e0 descendre dans les gorges du Ranft tout au long de l&#8217;ann\u00e9e et \u00e0 porter la lumi\u00e8re de l&#8217;espoir chez soi avec le message de paix de Fr\u00e8re Nicolas. Des porte-lumi\u00e8res (lampes en verre) sont disponibles dans la chapelle dans la boutique du Ranft.<\/p>\n\n\n\n<p><strong>Nouvelle arriv\u00e9e de la lumi\u00e8re de la paix chaque ann\u00e9e, le 3e dimanche de l&#8217;Avent.<\/strong><\/p>\n\n\n\n<p><br><\/p>\n<\/div>\n<\/div>\n\n\n\n<p><\/p>\n","protected":false},"excerpt":{"rendered":"<p>Lumi\u00e8re de la paix de Bethl\u00e9em au Ranft Depuis 1986, la lumi\u00e8re de la paix est raviv\u00e9e dans la grotte de la Nativit\u00e9 de J\u00e9sus \u00e0 Bethl\u00e9em \u00e0 la mi-novembre. Elle voyage dans le monde entier comme un message de paix de No\u00ebl. Elle arrive aussi au Ranft, dans ce lieu de paix significatif pr\u00e8s [&hellip;]<\/p>\n","protected":false},"author":3,"featured_media":2352,"parent":9180,"menu_order":230,"comment_status":"closed","ping_status":"closed","template":"","meta":{"_acf_changed":false,"footnotes":""},"acf":[],"_links":{"self":[{"href":"https:\/\/bruderklaus.com\/fr\/wp-json\/wp\/v2\/pages\/9231"}],"collection":[{"href":"https:\/\/bruderklaus.com\/fr\/wp-json\/wp\/v2\/pages"}],"about":[{"href":"https:\/\/bruderklaus.com\/fr\/wp-json\/wp\/v2\/types\/page"}],"author":[{"embeddable":true,"href":"https:\/\/bruderklaus.com\/fr\/wp-json\/wp\/v2\/users\/3"}],"replies":[{"embeddable":true,"href":"https:\/\/bruderklaus.com\/fr\/wp-json\/wp\/v2\/comments?post=9231"}],"version-history":[{"count":4,"href":"https:\/\/bruderklaus.com\/fr\/wp-json\/wp\/v2\/pages\/9231\/revisions"}],"predecessor-version":[{"id":15834,"href":"https:\/\/bruderklaus.com\/fr\/wp-json\/wp\/v2\/pages\/9231\/revisions\/15834"}],"up":[{"embeddable":true,"href":"https:\/\/bruderklaus.com\/fr\/wp-json\/wp\/v2\/pages\/9180"}],"wp:featuredmedia":[{"embeddable":true,"href":"https:\/\/bruderklaus.com\/fr\/wp-json\/wp\/v2\/media\/2352"}],"wp:attachment":[{"href":"https:\/\/bruderklaus.com\/fr\/wp-json\/wp\/v2\/media?parent=9231"}],"curies":[{"name":"wp","href":"https:\/\/api.w.org\/{rel}","templated":true}]}}