{"id":9217,"date":"2021-01-26T21:42:56","date_gmt":"2021-01-26T21:42:56","guid":{"rendered":"https:\/\/bruderklaus.com\/flueeli-ranft\/flueeli-kapelle\/"},"modified":"2022-04-24T15:37:37","modified_gmt":"2022-04-24T13:37:37","slug":"flueeli-kapelle","status":"publish","type":"page","link":"https:\/\/bruderklaus.com\/fr\/orte-informationen\/flueeli-ranft\/flueeli-kapelle\/","title":{"rendered":"Chapelle de Fl\u00fceli"},"content":{"rendered":"\n<div class=\"wp-block-columns is-layout-flex wp-container-core-columns-layout-1 wp-block-columns-is-layout-flex\">\n<div class=\"wp-block-column is-layout-flow wp-block-column-is-layout-flow\">\n<figure class=\"wp-block-image size-large\"><img decoding=\"async\" src=\"https:\/\/bruderklaus.com\/wp-content\/uploads\/2021\/03\/6073_Flueeli_Kapelle-Karl-Borromaeus-1-1024x680.jpg\" alt=\"\" class=\"wp-image-3359\"\/><\/figure>\n<\/div>\n\n\n\n<div class=\"wp-block-column is-layout-flow wp-block-column-is-layout-flow\">\n<figure class=\"wp-block-image size-large\"><img decoding=\"async\" src=\"https:\/\/bruderklaus.com\/wp-content\/uploads\/2021\/03\/d_reinhard_Flueeli-Kapelle_4.18_0663-1024x682.jpg\" alt=\"\" class=\"wp-image-3336\"\/><\/figure>\n<\/div>\n\n\n\n<div class=\"wp-block-column is-layout-flow wp-block-column-is-layout-flow\">\n<figure class=\"wp-block-image size-large\"><img decoding=\"async\" src=\"https:\/\/bruderklaus.com\/wp-content\/uploads\/2021\/03\/d_reinhard_Flueeli-Kapelle_4.18_0478-1024x682.jpg\" alt=\"\" class=\"wp-image-3339\"\/><\/figure>\n<\/div>\n<\/div>\n\n\n\n<p>L\u2019embl\u00e8me du village de Fl\u00fceli est la chapelle de Fl\u00fceli, consacr\u00e9e en 1618 au saint Charles Borrom\u00e9e, plac\u00e9e sur l\u2019\u00e9peron rocheux (Fluo). C&#8217;est le lieu de culte pour le village de Fl\u00fceli ainsi que pour les p\u00e8lerins.<\/p>\n\n\n\n<p>Le monument d\u2019importance nationale contient de pr\u00e9cieuses marqueteries et un plafond richement orn\u00e9 de peintures. La chapelle de Fl\u00fceli est tr\u00e8s appr\u00e9ci\u00e9e pour les c\u00e9r\u00e9monies de mariage.<\/p>\n\n\n<p><a class=\"c-btn-main\"  href=\"https:\/\/bruderklaus.com\/produkt\/400-jahre-flueeli-kapelle\/\">Brochure en allemand<\/a><\/p>\n\n\n<p><\/p>\n\n\n\n<div class=\"wp-block-columns is-layout-flex wp-container-core-columns-layout-2 wp-block-columns-is-layout-flex\">\n<div class=\"wp-block-column is-layout-flow wp-block-column-is-layout-flow\">\n<figure class=\"wp-block-image size-large\"><img decoding=\"async\" src=\"https:\/\/bruderklaus.com\/wp-content\/uploads\/2021\/03\/d_reinhard_Flueeli-Kapelle_4.18_0948-682x1024.jpg\" alt=\"\" class=\"wp-image-3362\"\/><\/figure>\n<\/div>\n\n\n\n<div class=\"wp-block-column is-layout-flow wp-block-column-is-layout-flow\">\n<figure class=\"wp-block-image size-large\"><img decoding=\"async\" src=\"https:\/\/bruderklaus.com\/wp-content\/uploads\/2021\/03\/d_reinhard_Flueeli-Kapelle_4.18_0983-1-682x1024.jpg\" alt=\"\" class=\"wp-image-3348\"\/><\/figure>\n<\/div>\n\n\n\n<div class=\"wp-block-column is-layout-flow wp-block-column-is-layout-flow\">\n<figure class=\"wp-block-image size-large\"><img decoding=\"async\" src=\"https:\/\/bruderklaus.com\/wp-content\/uploads\/2021\/03\/d_reinhard_Flueeli-Kapelle_4.18_0823-1-682x1024.jpg\" alt=\"\" class=\"wp-image-3365\"\/><\/figure>\n<\/div>\n<\/div>\n\n\n\n<figure class=\"wp-block-gallery has-nested-images columns-default is-cropped wp-block-gallery-2 is-layout-flex wp-block-gallery-is-layout-flex\"><\/figure>\n","protected":false},"excerpt":{"rendered":"<p>L\u2019embl\u00e8me du village de Fl\u00fceli est la chapelle de Fl\u00fceli, consacr\u00e9e en 1618 au saint Charles Borrom\u00e9e, plac\u00e9e sur l\u2019\u00e9peron rocheux (Fluo). C&#8217;est le lieu de culte pour le village de Fl\u00fceli ainsi que pour les p\u00e8lerins. Le monument d\u2019importance nationale contient de pr\u00e9cieuses marqueteries et un plafond richement orn\u00e9 de peintures. La chapelle de [&hellip;]<\/p>\n","protected":false},"author":3,"featured_media":1272,"parent":9210,"menu_order":150,"comment_status":"closed","ping_status":"closed","template":"","meta":{"_acf_changed":false,"footnotes":""},"acf":[],"_links":{"self":[{"href":"https:\/\/bruderklaus.com\/fr\/wp-json\/wp\/v2\/pages\/9217"}],"collection":[{"href":"https:\/\/bruderklaus.com\/fr\/wp-json\/wp\/v2\/pages"}],"about":[{"href":"https:\/\/bruderklaus.com\/fr\/wp-json\/wp\/v2\/types\/page"}],"author":[{"embeddable":true,"href":"https:\/\/bruderklaus.com\/fr\/wp-json\/wp\/v2\/users\/3"}],"replies":[{"embeddable":true,"href":"https:\/\/bruderklaus.com\/fr\/wp-json\/wp\/v2\/comments?post=9217"}],"version-history":[{"count":6,"href":"https:\/\/bruderklaus.com\/fr\/wp-json\/wp\/v2\/pages\/9217\/revisions"}],"predecessor-version":[{"id":15818,"href":"https:\/\/bruderklaus.com\/fr\/wp-json\/wp\/v2\/pages\/9217\/revisions\/15818"}],"up":[{"embeddable":true,"href":"https:\/\/bruderklaus.com\/fr\/wp-json\/wp\/v2\/pages\/9210"}],"wp:featuredmedia":[{"embeddable":true,"href":"https:\/\/bruderklaus.com\/fr\/wp-json\/wp\/v2\/media\/1272"}],"wp:attachment":[{"href":"https:\/\/bruderklaus.com\/fr\/wp-json\/wp\/v2\/media?parent=9217"}],"curies":[{"name":"wp","href":"https:\/\/api.w.org\/{rel}","templated":true}]}}