{"id":9210,"date":"2021-01-26T21:42:56","date_gmt":"2021-01-26T21:42:56","guid":{"rendered":"https:\/\/bruderklaus.com\/flueeli-ranft\/"},"modified":"2026-04-17T10:41:17","modified_gmt":"2026-04-17T08:41:17","slug":"flueeli-ranft","status":"publish","type":"page","link":"https:\/\/bruderklaus.com\/fr\/orte-informationen\/flueeli-ranft\/","title":{"rendered":"Fl\u00fceli"},"content":{"rendered":"\n<h2 class=\"wp-block-heading\"><strong>Village de Fl\u00fceli (Fl\u00fceli-Ranft)<\/strong><\/h2>\n\n\n\n<p>Le village de Fl\u00fceli est situ\u00e9 sur un plateau \u00e0 4 km au-dessus de Sachseln. C\u2019est ici que Nicolas de Flue est n\u00e9, c\u2019est l\u00e0 qu\u2019il a v\u00e9cu avec Doroth\u00e9e Wyss et leurs enfants. Les lieux o\u00f9 ils ont v\u00e9cu et travaill\u00e9 sont ouvertes au public.<\/p>\n","protected":false},"excerpt":{"rendered":"<p>Village de Fl\u00fceli (Fl\u00fceli-Ranft) Le village de Fl\u00fceli est situ\u00e9 sur un plateau \u00e0 4 km au-dessus de Sachseln. C\u2019est ici que Nicolas de Flue est n\u00e9, c\u2019est l\u00e0 qu\u2019il a v\u00e9cu avec Doroth\u00e9e Wyss et leurs enfants. Les lieux o\u00f9 ils ont v\u00e9cu et travaill\u00e9 sont ouvertes au public.<\/p>\n","protected":false},"author":3,"featured_media":1317,"parent":9444,"menu_order":120,"comment_status":"closed","ping_status":"closed","template":"","meta":{"_acf_changed":false,"footnotes":""},"acf":[],"_links":{"self":[{"href":"https:\/\/bruderklaus.com\/fr\/wp-json\/wp\/v2\/pages\/9210"}],"collection":[{"href":"https:\/\/bruderklaus.com\/fr\/wp-json\/wp\/v2\/pages"}],"about":[{"href":"https:\/\/bruderklaus.com\/fr\/wp-json\/wp\/v2\/types\/page"}],"author":[{"embeddable":true,"href":"https:\/\/bruderklaus.com\/fr\/wp-json\/wp\/v2\/users\/3"}],"replies":[{"embeddable":true,"href":"https:\/\/bruderklaus.com\/fr\/wp-json\/wp\/v2\/comments?post=9210"}],"version-history":[{"count":2,"href":"https:\/\/bruderklaus.com\/fr\/wp-json\/wp\/v2\/pages\/9210\/revisions"}],"predecessor-version":[{"id":25258,"href":"https:\/\/bruderklaus.com\/fr\/wp-json\/wp\/v2\/pages\/9210\/revisions\/25258"}],"up":[{"embeddable":true,"href":"https:\/\/bruderklaus.com\/fr\/wp-json\/wp\/v2\/pages\/9444"}],"wp:featuredmedia":[{"embeddable":true,"href":"https:\/\/bruderklaus.com\/fr\/wp-json\/wp\/v2\/media\/1317"}],"wp:attachment":[{"href":"https:\/\/bruderklaus.com\/fr\/wp-json\/wp\/v2\/media?parent=9210"}],"curies":[{"name":"wp","href":"https:\/\/api.w.org\/{rel}","templated":true}]}}