{"id":9201,"date":"2021-01-26T21:42:56","date_gmt":"2021-01-26T21:42:56","guid":{"rendered":"https:\/\/bruderklaus.com\/feierplatz-2\/"},"modified":"2021-04-23T10:10:15","modified_gmt":"2021-04-23T08:10:15","slug":"feierplatz-2","status":"publish","type":"page","link":"https:\/\/bruderklaus.com\/fr\/orte-informationen\/flueeli-ranft\/feierplatz-2\/","title":{"rendered":"Place des f\u00eates"},"content":{"rendered":"\n<h2 class=\"wp-block-heading\"><strong><strong>Place des f\u00eates<\/strong><\/strong> avec <strong><strong>Fr\u00e8re Nicolas b\u00e9nissant<\/strong><\/strong><\/h2>\n\n\n\n<div class=\"wp-block-columns is-layout-flex wp-container-core-columns-layout-1 wp-block-columns-is-layout-flex\">\n<div class=\"wp-block-column is-layout-flow wp-block-column-is-layout-flow\" style=\"flex-basis:33.33%\">\n<figure class=\"wp-block-image size-large\"><img decoding=\"async\" width=\"1024\" height=\"768\" src=\"https:\/\/bruderklaus.com\/wp-content\/uploads\/2021\/03\/Herbststimmung-20201027_122206-14-1024x768.jpg\" alt=\"\" class=\"wp-image-3319\" srcset=\"https:\/\/bruderklaus.com\/wp-content\/uploads\/2021\/03\/Herbststimmung-20201027_122206-14-1024x768.jpg 1024w, https:\/\/bruderklaus.com\/wp-content\/uploads\/2021\/03\/Herbststimmung-20201027_122206-14-300x225.jpg 300w, https:\/\/bruderklaus.com\/wp-content\/uploads\/2021\/03\/Herbststimmung-20201027_122206-14-768x576.jpg 768w, https:\/\/bruderklaus.com\/wp-content\/uploads\/2021\/03\/Herbststimmung-20201027_122206-14-1536x1152.jpg 1536w, https:\/\/bruderklaus.com\/wp-content\/uploads\/2021\/03\/Herbststimmung-20201027_122206-14.jpg 2048w, https:\/\/bruderklaus.com\/wp-content\/uploads\/2021\/03\/Herbststimmung-20201027_122206-14-600x450.jpg 600w\" sizes=\"(max-width: 1024px) 100vw, 1024px\" \/><\/figure>\n<\/div>\n\n\n\n<div class=\"wp-block-column is-layout-flow wp-block-column-is-layout-flow\" style=\"flex-basis:66.66%\">\n<p><strong><strong>Place des f\u00eates<\/strong><\/strong><\/p>\n\n\n\n<p>Au pied du rocher de Fl\u00fceli se trouve la place de f\u00eates con\u00e7ue par Albert Wider en 1947 pour la canonisation de Fr\u00e8re Nicolas.<\/p>\n\n\n\n<p>C\u2019est sur cette place que sont c\u00e9l\u00e9br\u00e9s les cultes de f\u00eates ou de p\u00e8lerinage en plein air. L&#8217;autel couvert, d\u00e9cor\u00e9 des armoiries des cantons suisses, est un don des communaut\u00e9s d&#8217;Obwald.<\/p>\n<\/div>\n<\/div>\n\n\n\n<div class=\"wp-block-columns is-layout-flex wp-container-core-columns-layout-2 wp-block-columns-is-layout-flex\">\n<div class=\"wp-block-column is-layout-flow wp-block-column-is-layout-flow\" style=\"flex-basis:33.33%\">\n<figure class=\"wp-block-image size-large\"><img decoding=\"async\" width=\"1024\" height=\"768\" src=\"https:\/\/bruderklaus.com\/wp-content\/uploads\/2021\/03\/Herbststimmung-20201027_122206-46-1024x768.jpg\" alt=\"\" class=\"wp-image-3324\" srcset=\"https:\/\/bruderklaus.com\/wp-content\/uploads\/2021\/03\/Herbststimmung-20201027_122206-46-1024x768.jpg 1024w, https:\/\/bruderklaus.com\/wp-content\/uploads\/2021\/03\/Herbststimmung-20201027_122206-46-300x225.jpg 300w, https:\/\/bruderklaus.com\/wp-content\/uploads\/2021\/03\/Herbststimmung-20201027_122206-46-768x576.jpg 768w, https:\/\/bruderklaus.com\/wp-content\/uploads\/2021\/03\/Herbststimmung-20201027_122206-46-1536x1152.jpg 1536w, https:\/\/bruderklaus.com\/wp-content\/uploads\/2021\/03\/Herbststimmung-20201027_122206-46.jpg 2048w, https:\/\/bruderklaus.com\/wp-content\/uploads\/2021\/03\/Herbststimmung-20201027_122206-46-600x450.jpg 600w\" sizes=\"(max-width: 1024px) 100vw, 1024px\" \/><\/figure>\n<\/div>\n\n\n\n<div class=\"wp-block-column is-layout-flow wp-block-column-is-layout-flow\" style=\"flex-basis:66.66%\">\n<p><strong><strong>Fr\u00e8re Nicolas b\u00e9nissant<\/strong><\/strong><\/p>\n\n\n\n<p>Sur la mont\u00e9e sud-ouest de la chapelle Fl\u00fceli se dresse la monumentale statue de bronze du \u00ab Fr\u00e8re Nicolas b\u00e9nissant\u00a0\u00bb, \u00e9galement cr\u00e9\u00e9e par Albert Wider en 1947.<\/p>\n\n\n\n<p><\/p>\n<\/div>\n<\/div>\n","protected":false},"excerpt":{"rendered":"<p>Place des f\u00eates avec Fr\u00e8re Nicolas b\u00e9nissant Place des f\u00eates Au pied du rocher de Fl\u00fceli se trouve la place de f\u00eates con\u00e7ue par Albert Wider en 1947 pour la canonisation de Fr\u00e8re Nicolas. C\u2019est sur cette place que sont c\u00e9l\u00e9br\u00e9s les cultes de f\u00eates ou de p\u00e8lerinage en plein air. L&#8217;autel couvert, d\u00e9cor\u00e9 des [&hellip;]<\/p>\n","protected":false},"author":3,"featured_media":1237,"parent":9210,"menu_order":160,"comment_status":"closed","ping_status":"closed","template":"","meta":{"_acf_changed":false,"footnotes":""},"acf":[],"_links":{"self":[{"href":"https:\/\/bruderklaus.com\/fr\/wp-json\/wp\/v2\/pages\/9201"}],"collection":[{"href":"https:\/\/bruderklaus.com\/fr\/wp-json\/wp\/v2\/pages"}],"about":[{"href":"https:\/\/bruderklaus.com\/fr\/wp-json\/wp\/v2\/types\/page"}],"author":[{"embeddable":true,"href":"https:\/\/bruderklaus.com\/fr\/wp-json\/wp\/v2\/users\/3"}],"replies":[{"embeddable":true,"href":"https:\/\/bruderklaus.com\/fr\/wp-json\/wp\/v2\/comments?post=9201"}],"version-history":[{"count":1,"href":"https:\/\/bruderklaus.com\/fr\/wp-json\/wp\/v2\/pages\/9201\/revisions"}],"predecessor-version":[{"id":9203,"href":"https:\/\/bruderklaus.com\/fr\/wp-json\/wp\/v2\/pages\/9201\/revisions\/9203"}],"up":[{"embeddable":true,"href":"https:\/\/bruderklaus.com\/fr\/wp-json\/wp\/v2\/pages\/9210"}],"wp:featuredmedia":[{"embeddable":true,"href":"https:\/\/bruderklaus.com\/fr\/wp-json\/wp\/v2\/media\/1237"}],"wp:attachment":[{"href":"https:\/\/bruderklaus.com\/fr\/wp-json\/wp\/v2\/media?parent=9201"}],"curies":[{"name":"wp","href":"https:\/\/api.w.org\/{rel}","templated":true}]}}