{"id":9185,"date":"2021-01-26T21:42:56","date_gmt":"2021-01-26T21:42:56","guid":{"rendered":"https:\/\/bruderklaus.com\/flueeli-kapelle\/"},"modified":"2024-02-20T15:35:54","modified_gmt":"2024-02-20T14:35:54","slug":"flueeli-kapelle","status":"publish","type":"page","link":"https:\/\/bruderklaus.com\/fr\/orte-informationen\/sachseln\/flueeli-kapelle\/","title":{"rendered":"Statue de Doroth\u00e9e"},"content":{"rendered":"\n<div class=\"wp-block-columns block-box-wrap inhalts-block inhalts-50 is-layout-flex wp-container-core-columns-layout-1 wp-block-columns-is-layout-flex\">\n<div class=\"wp-block-column is-layout-flow wp-block-column-is-layout-flow\">\n<figure class=\"wp-block-image size-large\"><img decoding=\"async\" src=\"https:\/\/bruderklaus.com\/wp-content\/uploads\/2021\/03\/208_DSC00974_klein_Dorothee_K.Kiser_.jpg\" alt=\"\"\/><\/figure>\n\n\n\n<p><\/p>\n<\/div>\n\n\n\n<div class=\"wp-block-column is-layout-flow wp-block-column-is-layout-flow\">\n<h2 class=\"wp-block-heading\">La statue de Doroth\u00e9e<\/h2>\n\n\n\n<p>Doroth\u00e9e Wyss, la femme de Nicolas de Flue, est probablement d\u00e9c\u00e9d\u00e9e en 1494\/95. En 1991, les Paysannes catholiques ont offert une statue ex\u00e9cut\u00e9e par le sculpteur lucernois Rolf Brem.<\/p>\n\n\n\n<p>Elle se trouve pr\u00e8s de la tour de l\u2019\u00e9glise, proche de la tombe suppos\u00e9e de Doroth\u00e9e.<\/p>\n\n\n\n<p>Devant le tombeau de Fr\u00e8re Nicolas, le 14 juin 1484, <br>le pape Jean Paul II nomma Doroth\u00e9e <br>\u00abune sainte femme \u00bb.<\/p>\n<\/div>\n<\/div>\n\n\n\n<div class=\"wp-block-columns is-layout-flex wp-container-core-columns-layout-2 wp-block-columns-is-layout-flex\">\n<div class=\"wp-block-column is-layout-flow wp-block-column-is-layout-flow\">\n<figure class=\"wp-block-image size-large\"><img decoding=\"async\" src=\"https:\/\/bruderklaus.com\/wp-content\/uploads\/2021\/03\/Sachseln-Monument-de-Dorothee-05.jpg\" alt=\"\"\/><\/figure>\n<\/div>\n\n\n\n<div class=\"wp-block-column is-layout-flow wp-block-column-is-layout-flow\">\n<figure class=\"wp-block-image size-large\"><img decoding=\"async\" src=\"https:\/\/bruderklaus.com\/wp-content\/uploads\/2021\/03\/Sachseln-Monument-de-Dorothee-03.jpg\" alt=\"\"\/><\/figure>\n<\/div>\n\n\n\n<div class=\"wp-block-column is-layout-flow wp-block-column-is-layout-flow\">\n<figure class=\"wp-block-image size-large\"><img decoding=\"async\" src=\"https:\/\/bruderklaus.com\/wp-content\/uploads\/2021\/03\/Sachseln-Monument-de-Dorothee-04.jpg\" alt=\"\"\/><\/figure>\n<\/div>\n<\/div>\n\n\n\n<div class=\"wp-block-columns is-layout-flex wp-container-core-columns-layout-3 wp-block-columns-is-layout-flex\">\n<div class=\"wp-block-column is-layout-flow wp-block-column-is-layout-flow\">\n<hr class=\"wp-block-separator has-css-opacity\"\/>\n\n\n\n<h2 class=\"wp-block-heading\">Visite guid\u00e9<\/h2>\n<\/div>\n<\/div>\n\n\n\n<div class=\"wp-block-columns is-layout-flex wp-container-core-columns-layout-4 wp-block-columns-is-layout-flex\">\n<div class=\"wp-block-column is-layout-flow wp-block-column-is-layout-flow\" style=\"flex-basis:33.33%\">\n<figure class=\"wp-block-image size-large\"><img decoding=\"async\" width=\"1172\" height=\"1219\" src=\"https:\/\/bruderklaus.com\/wp-content\/uploads\/2021\/03\/S7_optimisiert1631-wappenscheibe_hess-002.jpg\" alt=\"\" class=\"wp-image-3150\"\/><\/figure>\n<\/div>\n\n\n\n<div class=\"wp-block-column is-layout-flow wp-block-column-is-layout-flow\" style=\"flex-basis:66.66%\">\n<p><strong>Qui \u00e9tait Doroth\u00e9e Wyss&nbsp;?<\/strong><br>La visite guid\u00e9e \u00abQui \u00e9tait Doroth\u00e9e Wyss?\u00bb permet de d\u00e9couvrir de plus pr\u00e8s la paysanne que a v\u00e9cu dans la ferme \u00abSch\u00fcbelacher\u00bb pendant 50 ans, qui est consid\u00e9r\u00e9e comme la plus proche confidente de Nicolas de Flue, et qui l\u2019a laiss\u00e9 partir par amour.<\/p>\n\n\n\n<p>Dur\u00e9e : 1h\u00bd<br>Prix : CHF 200, max. 25 participants par groupe<\/p>\n\n\n\n<p><\/p>\n\n\n<p><a class=\"c-btn-main\"  href=\"https:\/\/bruderklaus.com\/fr\/angebote-wallfahrt\/fuehrungen\/\">Demander une visite<\/a><\/p><\/div>\n<\/div>\n\n\n\n<h2 class=\"wp-block-heading\"><\/h2>\n\n\n\n<p><\/p>\n","protected":false},"excerpt":{"rendered":"<p>La statue de Doroth\u00e9e Doroth\u00e9e Wyss, la femme de Nicolas de Flue, est probablement d\u00e9c\u00e9d\u00e9e en 1494\/95. En 1991, les Paysannes catholiques ont offert une statue ex\u00e9cut\u00e9e par le sculpteur lucernois Rolf Brem. Elle se trouve pr\u00e8s de la tour de l\u2019\u00e9glise, proche de la tombe suppos\u00e9e de Doroth\u00e9e. Devant le tombeau de Fr\u00e8re Nicolas, [&hellip;]<\/p>\n","protected":false},"author":3,"featured_media":1180,"parent":9421,"menu_order":50,"comment_status":"closed","ping_status":"closed","template":"","meta":{"_acf_changed":false,"footnotes":""},"acf":[],"_links":{"self":[{"href":"https:\/\/bruderklaus.com\/fr\/wp-json\/wp\/v2\/pages\/9185"}],"collection":[{"href":"https:\/\/bruderklaus.com\/fr\/wp-json\/wp\/v2\/pages"}],"about":[{"href":"https:\/\/bruderklaus.com\/fr\/wp-json\/wp\/v2\/types\/page"}],"author":[{"embeddable":true,"href":"https:\/\/bruderklaus.com\/fr\/wp-json\/wp\/v2\/users\/3"}],"replies":[{"embeddable":true,"href":"https:\/\/bruderklaus.com\/fr\/wp-json\/wp\/v2\/comments?post=9185"}],"version-history":[{"count":16,"href":"https:\/\/bruderklaus.com\/fr\/wp-json\/wp\/v2\/pages\/9185\/revisions"}],"predecessor-version":[{"id":20498,"href":"https:\/\/bruderklaus.com\/fr\/wp-json\/wp\/v2\/pages\/9185\/revisions\/20498"}],"up":[{"embeddable":true,"href":"https:\/\/bruderklaus.com\/fr\/wp-json\/wp\/v2\/pages\/9421"}],"wp:featuredmedia":[{"embeddable":true,"href":"https:\/\/bruderklaus.com\/fr\/wp-json\/wp\/v2\/media\/1180"}],"wp:attachment":[{"href":"https:\/\/bruderklaus.com\/fr\/wp-json\/wp\/v2\/media?parent=9185"}],"curies":[{"name":"wp","href":"https:\/\/api.w.org\/{rel}","templated":true}]}}