{"id":9180,"date":"2021-01-26T21:42:56","date_gmt":"2021-01-26T21:42:56","guid":{"rendered":"https:\/\/bruderklaus.com\/ranft\/"},"modified":"2022-04-24T15:47:16","modified_gmt":"2022-04-24T13:47:16","slug":"ranft","status":"publish","type":"page","link":"https:\/\/bruderklaus.com\/fr\/orte-informationen\/ranft\/","title":{"rendered":"Ranft"},"content":{"rendered":"\n<h2 class=\"wp-block-heading\">Le Ranft<\/h2>\n\n\n\n<p>Le mot Ranft, le rebord, d\u00e9signe la rupture du terrain vers le ravin de la Melchaa. Le Ranft est rest\u00e9 authentique dans son \u00e9tat d&#8217;origine comme \u00e0 l&#8217;\u00e9poque de Nicolas de Fl\u00fce: un lieu de silence et de paix &#8211; li\u00e9 indissolublement \u00e0 Fr\u00e8re Nicolas.<\/p>\n\n\n\n<p><\/p>\n","protected":false},"excerpt":{"rendered":"<p>Le Ranft Le mot Ranft, le rebord, d\u00e9signe la rupture du terrain vers le ravin de la Melchaa. Le Ranft est rest\u00e9 authentique dans son \u00e9tat d&#8217;origine comme \u00e0 l&#8217;\u00e9poque de Nicolas de Fl\u00fce: un lieu de silence et de paix &#8211; li\u00e9 indissolublement \u00e0 Fr\u00e8re Nicolas.<\/p>\n","protected":false},"author":3,"featured_media":2310,"parent":9444,"menu_order":200,"comment_status":"closed","ping_status":"closed","template":"","meta":{"_acf_changed":false,"footnotes":""},"acf":[],"_links":{"self":[{"href":"https:\/\/bruderklaus.com\/fr\/wp-json\/wp\/v2\/pages\/9180"}],"collection":[{"href":"https:\/\/bruderklaus.com\/fr\/wp-json\/wp\/v2\/pages"}],"about":[{"href":"https:\/\/bruderklaus.com\/fr\/wp-json\/wp\/v2\/types\/page"}],"author":[{"embeddable":true,"href":"https:\/\/bruderklaus.com\/fr\/wp-json\/wp\/v2\/users\/3"}],"replies":[{"embeddable":true,"href":"https:\/\/bruderklaus.com\/fr\/wp-json\/wp\/v2\/comments?post=9180"}],"version-history":[{"count":2,"href":"https:\/\/bruderklaus.com\/fr\/wp-json\/wp\/v2\/pages\/9180\/revisions"}],"predecessor-version":[{"id":15835,"href":"https:\/\/bruderklaus.com\/fr\/wp-json\/wp\/v2\/pages\/9180\/revisions\/15835"}],"up":[{"embeddable":true,"href":"https:\/\/bruderklaus.com\/fr\/wp-json\/wp\/v2\/pages\/9444"}],"wp:featuredmedia":[{"embeddable":true,"href":"https:\/\/bruderklaus.com\/fr\/wp-json\/wp\/v2\/media\/2310"}],"wp:attachment":[{"href":"https:\/\/bruderklaus.com\/fr\/wp-json\/wp\/v2\/media?parent=9180"}],"curies":[{"name":"wp","href":"https:\/\/api.w.org\/{rel}","templated":true}]}}