{"id":9172,"date":"2021-01-26T21:44:34","date_gmt":"2021-01-26T21:44:34","guid":{"rendered":"https:\/\/bruderklaus.com\/baetti\/"},"modified":"2023-07-31T10:46:51","modified_gmt":"2023-07-31T08:46:51","slug":"baetti","status":"publish","type":"page","link":"https:\/\/bruderklaus.com\/fr\/niklaus-von-fluee-dorothee-wyss\/gebete\/baetti\/","title":{"rendered":"Cha\u00eene de m\u00e9ditation"},"content":{"rendered":"\n<h2 class=\"wp-block-heading\">La cha\u00eene de m\u00e9ditation<\/h2>\n\n\n\n<p>La peinture la plus ancienne, datant de 1492, sugg\u00e8re que Fr\u00e8re Nicolas poss\u00e9dait une cha\u00eene de m\u00e9ditation (B\u00e4tti) avec 50 perles de bois, sans aucune autre division en petits groupes. Au lieu de la croix qui est courante aujourd&#8217;hui, le \u00abB\u00e4tti\u00bb est pourvu d&#8217;un anneau. Il s&#8217;agit d&#8217;une r\u00e9plique du cordon de pri\u00e8re tel qu&#8217;on peut le voir sur la plus ancienne repr\u00e9sentation de Fr\u00e8re Nicolas.<\/p>\n\n\n\n<div class=\"wp-block-columns is-layout-flex wp-container-core-columns-layout-2 wp-block-columns-is-layout-flex\">\n<div class=\"wp-block-column is-layout-flow wp-block-column-is-layout-flow\" style=\"flex-basis:33.33%\">\n<figure class=\"wp-block-image size-large\"><img decoding=\"async\" width=\"575\" height=\"719\" src=\"https:\/\/bruderklaus.com\/wp-content\/uploads\/2021\/03\/btti_ausschnitt-ltestes-bild_datei-von-von-ah-druck1.jpg\" alt=\"\" class=\"wp-image-2189\"\/><\/figure>\n<\/div>\n\n\n\n<div class=\"wp-block-column is-layout-flow wp-block-column-is-layout-flow\" style=\"flex-basis:66.66%\">\n<p>Nous ne savons pas exactement comment Fr\u00e8re Nicolas a utilis\u00e9 ce cordon de pri\u00e8re.<\/p>\n\n\n\n<p>Dans la biographie de Witwyler de 1577, il est \u00e9crit: \u00abIl avait l\u2019habitude d\u2019avoir en main le signe chr\u00e9tien que nous appelons \u00abPaternoster\u00bb ou \u00abB\u00e4tti\u00bb. Il n\u2019avait pas honte de prier avec cela\u00bb.<\/p>\n\n\n\n<div class=\"wp-block-columns is-layout-flex wp-container-core-columns-layout-1 wp-block-columns-is-layout-flex\">\n<div class=\"wp-block-column is-layout-flow wp-block-column-is-layout-flow\"><p><a class=\"c-btn-main\"  href=\"https:\/\/bruderklaus.com\/wp-content\/uploads\/2023\/07\/Baetti_FR_Begleitheft_Juni-23_A4.pdf\">Cha\u00eene de m\u00e9ditation &#8211; petit livre<\/a><\/p><\/div>\n\n\n\n<div class=\"wp-block-column is-layout-flow wp-block-column-is-layout-flow\"><p><a class=\"c-btn-main\"  href=\"https:\/\/bruderklaus.com\/fr\/produkt\/baetti-meditationskette\/\">Le &#8220;B\u00e4tti&#8221; au shop web<\/a><\/p><\/div>\n<\/div>\n<\/div>\n<\/div>\n\n\n\n<p><\/p>\n","protected":false},"excerpt":{"rendered":"<p>La cha\u00eene de m\u00e9ditation La peinture la plus ancienne, datant de 1492, sugg\u00e8re que Fr\u00e8re Nicolas poss\u00e9dait une cha\u00eene de m\u00e9ditation (B\u00e4tti) avec 50 perles de bois, sans aucune autre division en petits groupes. Au lieu de la croix qui est courante aujourd&#8217;hui, le \u00abB\u00e4tti\u00bb est pourvu d&#8217;un anneau. Il s&#8217;agit d&#8217;une r\u00e9plique du cordon [&hellip;]<\/p>\n","protected":false},"author":3,"featured_media":1886,"parent":10994,"menu_order":110,"comment_status":"closed","ping_status":"closed","template":"","meta":{"_acf_changed":false,"footnotes":""},"acf":[],"_links":{"self":[{"href":"https:\/\/bruderklaus.com\/fr\/wp-json\/wp\/v2\/pages\/9172"}],"collection":[{"href":"https:\/\/bruderklaus.com\/fr\/wp-json\/wp\/v2\/pages"}],"about":[{"href":"https:\/\/bruderklaus.com\/fr\/wp-json\/wp\/v2\/types\/page"}],"author":[{"embeddable":true,"href":"https:\/\/bruderklaus.com\/fr\/wp-json\/wp\/v2\/users\/3"}],"replies":[{"embeddable":true,"href":"https:\/\/bruderklaus.com\/fr\/wp-json\/wp\/v2\/comments?post=9172"}],"version-history":[{"count":6,"href":"https:\/\/bruderklaus.com\/fr\/wp-json\/wp\/v2\/pages\/9172\/revisions"}],"predecessor-version":[{"id":19223,"href":"https:\/\/bruderklaus.com\/fr\/wp-json\/wp\/v2\/pages\/9172\/revisions\/19223"}],"up":[{"embeddable":true,"href":"https:\/\/bruderklaus.com\/fr\/wp-json\/wp\/v2\/pages\/10994"}],"wp:featuredmedia":[{"embeddable":true,"href":"https:\/\/bruderklaus.com\/fr\/wp-json\/wp\/v2\/media\/1886"}],"wp:attachment":[{"href":"https:\/\/bruderklaus.com\/fr\/wp-json\/wp\/v2\/media?parent=9172"}],"curies":[{"name":"wp","href":"https:\/\/api.w.org\/{rel}","templated":true}]}}