{"id":9170,"date":"2021-01-26T21:42:56","date_gmt":"2021-01-26T21:42:56","guid":{"rendered":"https:\/\/bruderklaus.com\/jakobsweg\/"},"modified":"2021-04-23T11:38:09","modified_gmt":"2021-04-23T09:38:09","slug":"jakobsweg","status":"publish","type":"page","link":"https:\/\/bruderklaus.com\/fr\/orte-informationen\/pilgerwege\/jakobsweg\/","title":{"rendered":"Chemin de Saint-Jacques"},"content":{"rendered":"\n<h2 class=\"wp-block-heading\"><strong>P\u00e8lerins de Saint-Jacques<\/strong><\/h2>\n\n\n\n<p>Le chemin de Saint-Jacques-de-Compostelle, qui m\u00e8ne \u00e0 la tombe de saint Jacques \u00e0 Saint-Jacques-de-Compostelle, est l&#8217;un des chemins de p\u00e8lerinage les plus fr\u00e9quent\u00e9s depuis le Moyen \u00c2ge. Aujourd&#8217;hui encore, des personnes se rendent \u00e0 pied dans le sud-ouest de l&#8217;Espagne pour des raisons tr\u00e8s diverses.<\/p>\n\n\n\n<p>Sachseln et Fl\u00fceli-Ranft, ainsi qu&#8217;Einsiedeln, comptent parmi les plus importants lieux de p\u00e8lerinage le long du chemin de Saint-Jacques (Via Jacobi) \u00e0 travers la Suisse.<\/p>\n\n\n\n<div class=\"wp-block-columns is-layout-flex wp-container-core-columns-layout-1 wp-block-columns-is-layout-flex\">\n<div class=\"wp-block-column is-layout-flow wp-block-column-is-layout-flow\">\n<figure class=\"wp-block-image size-large\"><img decoding=\"async\" width=\"520\" height=\"341\" src=\"https:\/\/bruderklaus.com\/wp-content\/uploads\/2021\/03\/bruder-klaus-und-jakobspilger.jpg1_.gif\" alt=\"\" class=\"wp-image-1704\"\/><\/figure>\n<\/div>\n\n\n\n<div class=\"wp-block-column is-layout-flow wp-block-column-is-layout-flow\">\n<p><strong><strong>Fr\u00e8re Nicolas et les p\u00e8lerins de Saint-Jacques<\/strong><\/strong><\/p>\n\n\n\n<p>Lorsque l&#8217;on apprit au 15e si\u00e8cle qu&#8217;un homme r\u00e9put\u00e9 pour sa saintet\u00e9 vivait au Ranft, les p\u00e8lerins de Saint-Jacques lui rendirent \u00e9galement visite. Fr\u00e8re Nicolas, en bon auditeur, a donn\u00e9 des conseils aux p\u00e8lerins avec des mots simples. La visite du Junker saxon Hans von Waldheim en mai 1474 a \u00e9t\u00e9 retransmise en d\u00e9tail.<\/p>\n\n\n\n<p><\/p>\n<\/div>\n<\/div>\n\n\n\n<p>Apr\u00e8s la mort de Fr\u00e8re Nicolas en 1487, sa tombe \u00e0 Sachseln est devenue un important lieu de p\u00e8lerinage. On s&#8217;y rendait dans l&#8217;espoir de trouver un rem\u00e8de \u00e0 des maladies graves. La gu\u00e9rison d&#8217;un p\u00e8lerin du Danemark en 1488 est consign\u00e9e de mani\u00e8re impressionnante dans le registre de l&#8217;\u00e9glise de Sachseln.<\/p>\n\n\n\n<div class=\"wp-block-columns is-layout-flex wp-container-core-columns-layout-2 wp-block-columns-is-layout-flex\">\n<div class=\"wp-block-column is-layout-flow wp-block-column-is-layout-flow\">\n<figure class=\"wp-block-image size-large\"><img decoding=\"async\" width=\"1024\" height=\"1007\" src=\"https:\/\/bruderklaus.com\/wp-content\/uploads\/2021\/03\/pilgerstempel00067411-1024x1007.jpg\" alt=\"\" class=\"wp-image-1700\" srcset=\"https:\/\/bruderklaus.com\/wp-content\/uploads\/2021\/03\/pilgerstempel00067411-1024x1007.jpg 1024w, https:\/\/bruderklaus.com\/wp-content\/uploads\/2021\/03\/pilgerstempel00067411.jpg 2008w, https:\/\/bruderklaus.com\/wp-content\/uploads\/2021\/03\/pilgerstempel00067411-300x295.jpg 300w, https:\/\/bruderklaus.com\/wp-content\/uploads\/2021\/03\/pilgerstempel00067411-768x755.jpg 768w, https:\/\/bruderklaus.com\/wp-content\/uploads\/2021\/03\/pilgerstempel00067411-1536x1510.jpg 1536w, https:\/\/bruderklaus.com\/wp-content\/uploads\/2021\/03\/pilgerstempel00067411-600x590.jpg 600w\" sizes=\"(max-width: 1024px) 100vw, 1024px\" \/><\/figure>\n<\/div>\n\n\n\n<div class=\"wp-block-column is-layout-flow wp-block-column-is-layout-flow\">\n<p><strong><strong>Le tampon du p\u00e8lerin<\/strong><\/strong><\/p>\n\n\n\n<p>L&#8217;artiste Alois Spichtig de Sachseln a cr\u00e9\u00e9 un tampon de p\u00e8lerin pour l&#8217;ann\u00e9e du p\u00e8lerinage de Saint-Jacques en 1999. Le tampon de p\u00e8lerin est disponible aux endroits suivants :<\/p>\n\n\n\n<p>Sachseln : \u00e9glise paroissiale, bureau des p\u00e8lerinages, Mus\u00e9e Bruder Klaus<\/p>\n\n\n\n<p>Fl\u00fceli-Ranft auberge de jeunesse, aum\u00f4nerie Fl\u00fceli, maison d&#8217;habitation<\/p>\n\n\n\n<p>Ranft: devant la boutique Ranft<\/p>\n\n\n\n<p><strong>Cr\u00e9danciale<\/strong> (Pilgerp\u00e4sse) disponibles au bureau de p\u00e8lerinage de Sachseln<\/p>\n\n\n\n<p><a href=\"https:\/\/www.schweizmobil.ch\/de\/wanderland\/route\/etappe-01178.html\">En plus<\/a><\/p>\n<\/div>\n<\/div>\n","protected":false},"excerpt":{"rendered":"<p>P\u00e8lerins de Saint-Jacques Le chemin de Saint-Jacques-de-Compostelle, qui m\u00e8ne \u00e0 la tombe de saint Jacques \u00e0 Saint-Jacques-de-Compostelle, est l&#8217;un des chemins de p\u00e8lerinage les plus fr\u00e9quent\u00e9s depuis le Moyen \u00c2ge. Aujourd&#8217;hui encore, des personnes se rendent \u00e0 pied dans le sud-ouest de l&#8217;Espagne pour des raisons tr\u00e8s diverses. Sachseln et Fl\u00fceli-Ranft, ainsi qu&#8217;Einsiedeln, comptent parmi [&hellip;]<\/p>\n","protected":false},"author":3,"featured_media":2532,"parent":9608,"menu_order":280,"comment_status":"closed","ping_status":"closed","template":"","meta":{"_acf_changed":false,"footnotes":""},"acf":[],"_links":{"self":[{"href":"https:\/\/bruderklaus.com\/fr\/wp-json\/wp\/v2\/pages\/9170"}],"collection":[{"href":"https:\/\/bruderklaus.com\/fr\/wp-json\/wp\/v2\/pages"}],"about":[{"href":"https:\/\/bruderklaus.com\/fr\/wp-json\/wp\/v2\/types\/page"}],"author":[{"embeddable":true,"href":"https:\/\/bruderklaus.com\/fr\/wp-json\/wp\/v2\/users\/3"}],"replies":[{"embeddable":true,"href":"https:\/\/bruderklaus.com\/fr\/wp-json\/wp\/v2\/comments?post=9170"}],"version-history":[{"count":1,"href":"https:\/\/bruderklaus.com\/fr\/wp-json\/wp\/v2\/pages\/9170\/revisions"}],"predecessor-version":[{"id":9279,"href":"https:\/\/bruderklaus.com\/fr\/wp-json\/wp\/v2\/pages\/9170\/revisions\/9279"}],"up":[{"embeddable":true,"href":"https:\/\/bruderklaus.com\/fr\/wp-json\/wp\/v2\/pages\/9608"}],"wp:featuredmedia":[{"embeddable":true,"href":"https:\/\/bruderklaus.com\/fr\/wp-json\/wp\/v2\/media\/2532"}],"wp:attachment":[{"href":"https:\/\/bruderklaus.com\/fr\/wp-json\/wp\/v2\/media?parent=9170"}],"curies":[{"name":"wp","href":"https:\/\/api.w.org\/{rel}","templated":true}]}}