{"id":9168,"date":"2021-01-26T21:50:17","date_gmt":"2021-01-26T21:50:17","guid":{"rendered":"https:\/\/bruderklaus.com\/wallfahrt\/"},"modified":"2024-08-05T16:15:59","modified_gmt":"2024-08-05T14:15:59","slug":"wallfahrt","status":"publish","type":"page","link":"https:\/\/bruderklaus.com\/fr\/kontakt\/wallfahrt\/","title":{"rendered":"Bureau du pel\u00e8rinage"},"content":{"rendered":"\n<h2 class=\"wp-block-heading\">Bureau du pel\u00e8rinage<\/h2>\n\n\n\n<p>Le bureau du p\u00e8lerinage \u00e0 Sachseln est le point de contact pour les questions sur Nicolas de Flue et Doroth\u00e9e Wyss, sur l&#8217;espace sacr\u00e9 et de p\u00e8lerinage de Fr\u00e8re Nicolas et Doroth\u00e9e, pour les r\u00e9servations et les pr\u00e9occupations concernant une visite \u00e0 Sachseln, au Fl\u00fceli ou au Ranft.<\/p>\n\n\n\n<div class=\"wp-block-columns is-layout-flex wp-container-core-columns-layout-1 wp-block-columns-is-layout-flex\">\n<div class=\"wp-block-column is-layout-flow wp-block-column-is-layout-flow\">\n<figure class=\"wp-block-image size-large\"><a href=\"https:\/\/bruderklaus.com\/wp-content\/uploads\/2022\/07\/Knapp_Gabriela-946x1024.jpg\"><img decoding=\"async\" width=\"946\" height=\"1024\" src=\"https:\/\/bruderklaus.com\/wp-content\/uploads\/2022\/07\/Knapp_Gabriela-946x1024.jpg\" alt=\"\" class=\"wp-image-16273\" srcset=\"https:\/\/bruderklaus.com\/wp-content\/uploads\/2022\/07\/Knapp_Gabriela-946x1024.jpg 946w, https:\/\/bruderklaus.com\/wp-content\/uploads\/2022\/07\/Knapp_Gabriela-277x300.jpg 277w, https:\/\/bruderklaus.com\/wp-content\/uploads\/2022\/07\/Knapp_Gabriela-768x831.jpg 768w, https:\/\/bruderklaus.com\/wp-content\/uploads\/2022\/07\/Knapp_Gabriela-600x649.jpg 600w, https:\/\/bruderklaus.com\/wp-content\/uploads\/2022\/07\/Knapp_Gabriela.jpg 1324w\" sizes=\"(max-width: 946px) 100vw, 946px\" \/><\/a><\/figure>\n<\/div>\n\n\n\n<div class=\"wp-block-column is-layout-flow wp-block-column-is-layout-flow\">\n<figure class=\"wp-block-image size-large\"><a href=\"https:\/\/bruderklaus.com\/wp-content\/uploads\/2022\/07\/Bucher_Nadine_v2-1024x1009.jpg\"><img decoding=\"async\" width=\"1024\" height=\"1009\" src=\"https:\/\/bruderklaus.com\/wp-content\/uploads\/2022\/07\/Bucher_Nadine_v2-1024x1009.jpg\" alt=\"\" class=\"wp-image-16276\" srcset=\"https:\/\/bruderklaus.com\/wp-content\/uploads\/2022\/07\/Bucher_Nadine_v2-1024x1009.jpg 1024w, https:\/\/bruderklaus.com\/wp-content\/uploads\/2022\/07\/Bucher_Nadine_v2-300x296.jpg 300w, https:\/\/bruderklaus.com\/wp-content\/uploads\/2022\/07\/Bucher_Nadine_v2-768x757.jpg 768w, https:\/\/bruderklaus.com\/wp-content\/uploads\/2022\/07\/Bucher_Nadine_v2-600x591.jpg 600w, https:\/\/bruderklaus.com\/wp-content\/uploads\/2022\/07\/Bucher_Nadine_v2-100x100.jpg 100w, https:\/\/bruderklaus.com\/wp-content\/uploads\/2022\/07\/Bucher_Nadine_v2.jpg 1123w\" sizes=\"(max-width: 1024px) 100vw, 1024px\" \/><\/a><\/figure>\n<\/div>\n\n\n\n<div class=\"wp-block-column is-layout-flow wp-block-column-is-layout-flow\">\n<p>Gabriela Knapp Odermatt<br>Nadine Bucher<br>Bureau du p\u00e8lerinage<br>Pilatusstrasse 12<br>6072 Sachseln<br>Suisse<br>T\u00e9l: +41 (0)41 660 44 18<br><a href=\"mailto:kontakt@bruderklaus.com\" data-type=\"mailto\" data-id=\"mailto:kontakt@bruderklaus.com\">Mail<\/a><\/p>\n<\/div>\n<\/div>\n\n\n\n<div class=\"wp-block-columns is-layout-flex wp-container-core-columns-layout-2 wp-block-columns-is-layout-flex\">\n<div class=\"wp-block-column is-layout-flow wp-block-column-is-layout-flow\" style=\"flex-basis:33.33%\"><\/div>\n\n\n\n<div class=\"wp-block-column is-layout-flow wp-block-column-is-layout-flow\"><\/div>\n\n\n\n<div class=\"wp-block-column is-layout-flow wp-block-column-is-layout-flow\"><\/div>\n\n\n\n<div class=\"wp-block-column is-layout-flow wp-block-column-is-layout-flow\"><\/div>\n\n\n\n<div class=\"wp-block-column is-layout-flow wp-block-column-is-layout-flow\" style=\"flex-basis:66.66%\">\n<p><br><\/p>\n<\/div>\n<\/div>\n","protected":false},"excerpt":{"rendered":"<p>Bureau du pel\u00e8rinage Le bureau du p\u00e8lerinage \u00e0 Sachseln est le point de contact pour les questions sur Nicolas de Flue et Doroth\u00e9e Wyss, sur l&#8217;espace sacr\u00e9 et de p\u00e8lerinage de Fr\u00e8re Nicolas et Doroth\u00e9e, pour les r\u00e9servations et les pr\u00e9occupations concernant une visite \u00e0 Sachseln, au Fl\u00fceli ou au Ranft. Gabriela Knapp OdermattNadine BucherBureau [&hellip;]<\/p>\n","protected":false},"author":3,"featured_media":3308,"parent":9789,"menu_order":20,"comment_status":"closed","ping_status":"closed","template":"","meta":{"_acf_changed":false,"footnotes":""},"acf":[],"_links":{"self":[{"href":"https:\/\/bruderklaus.com\/fr\/wp-json\/wp\/v2\/pages\/9168"}],"collection":[{"href":"https:\/\/bruderklaus.com\/fr\/wp-json\/wp\/v2\/pages"}],"about":[{"href":"https:\/\/bruderklaus.com\/fr\/wp-json\/wp\/v2\/types\/page"}],"author":[{"embeddable":true,"href":"https:\/\/bruderklaus.com\/fr\/wp-json\/wp\/v2\/users\/3"}],"replies":[{"embeddable":true,"href":"https:\/\/bruderklaus.com\/fr\/wp-json\/wp\/v2\/comments?post=9168"}],"version-history":[{"count":9,"href":"https:\/\/bruderklaus.com\/fr\/wp-json\/wp\/v2\/pages\/9168\/revisions"}],"predecessor-version":[{"id":21491,"href":"https:\/\/bruderklaus.com\/fr\/wp-json\/wp\/v2\/pages\/9168\/revisions\/21491"}],"up":[{"embeddable":true,"href":"https:\/\/bruderklaus.com\/fr\/wp-json\/wp\/v2\/pages\/9789"}],"wp:featuredmedia":[{"embeddable":true,"href":"https:\/\/bruderklaus.com\/fr\/wp-json\/wp\/v2\/media\/3308"}],"wp:attachment":[{"href":"https:\/\/bruderklaus.com\/fr\/wp-json\/wp\/v2\/media?parent=9168"}],"curies":[{"name":"wp","href":"https:\/\/api.w.org\/{rel}","templated":true}]}}