{"id":9163,"date":"2021-04-22T19:15:10","date_gmt":"2021-04-22T17:15:10","guid":{"rendered":"https:\/\/bruderklaus.com\/?page_id=9163"},"modified":"2021-05-30T16:05:56","modified_gmt":"2021-05-30T14:05:56","slug":"alggialp","status":"publish","type":"page","link":"https:\/\/bruderklaus.com\/fr\/orte-informationen\/weitere-orte\/alggialp\/","title":{"rendered":"\u00c4lggialp"},"content":{"rendered":"\n<h2 class=\"wp-block-heading\"><strong>\u00c4lggialp &#8211; le centre de la Suisse<\/strong><\/h2>\n\n\n\n<div class=\"wp-block-columns is-layout-flex wp-container-core-columns-layout-1 wp-block-columns-is-layout-flex\">\n<div class=\"wp-block-column is-layout-flow wp-block-column-is-layout-flow\" style=\"flex-basis:33.33%\">\n<figure class=\"wp-block-image size-large\"><img decoding=\"async\" width=\"561\" height=\"385\" src=\"https:\/\/bruderklaus.com\/wp-content\/uploads\/2021\/03\/1372-8207_aelggi_geschnitten1.jpeg\" alt=\"\" class=\"wp-image-2087\"\/><\/figure>\n<\/div>\n\n\n\n<div class=\"wp-block-column is-layout-flow wp-block-column-is-layout-flow\" style=\"flex-basis:66.66%\">\n<p>Le centre g\u00e9ographique de la Suisse se trouve \u00e0 1645 m d&#8217;altitude, sur la pittoresque \u00c4lggialp. D\u00e9termin\u00e9 en 1988 pour le 150e anniversaire de la topographie suisse. Une pyramide triangulaire, entour\u00e9e d&#8217;un petit mur de pierre aux contours de la Suisse, en marque le centre. L&#8217;\u00c4lggialp se trouve dans la municipalit\u00e9 de Sachseln.<\/p>\n\n\n\n<p>La chapelle Sainte-Anne avec le presbyt\u00e8re attenant a \u00e9t\u00e9 construite en 1820. Elle appartient \u00e0 la paroisse de Sachseln.<\/p>\n\n\n\n<p><\/p>\n<\/div>\n<\/div>\n","protected":false},"excerpt":{"rendered":"<p>\u00c4lggialp &#8211; le centre de la Suisse Le centre g\u00e9ographique de la Suisse se trouve \u00e0 1645 m d&#8217;altitude, sur la pittoresque \u00c4lggialp. D\u00e9termin\u00e9 en 1988 pour le 150e anniversaire de la topographie suisse. Une pyramide triangulaire, entour\u00e9e d&#8217;un petit mur de pierre aux contours de la Suisse, en marque le centre. L&#8217;\u00c4lggialp se trouve [&hellip;]<\/p>\n","protected":false},"author":3,"featured_media":2090,"parent":9680,"menu_order":7,"comment_status":"closed","ping_status":"closed","template":"","meta":{"_acf_changed":false,"footnotes":""},"acf":[],"_links":{"self":[{"href":"https:\/\/bruderklaus.com\/fr\/wp-json\/wp\/v2\/pages\/9163"}],"collection":[{"href":"https:\/\/bruderklaus.com\/fr\/wp-json\/wp\/v2\/pages"}],"about":[{"href":"https:\/\/bruderklaus.com\/fr\/wp-json\/wp\/v2\/types\/page"}],"author":[{"embeddable":true,"href":"https:\/\/bruderklaus.com\/fr\/wp-json\/wp\/v2\/users\/3"}],"replies":[{"embeddable":true,"href":"https:\/\/bruderklaus.com\/fr\/wp-json\/wp\/v2\/comments?post=9163"}],"version-history":[{"count":3,"href":"https:\/\/bruderklaus.com\/fr\/wp-json\/wp\/v2\/pages\/9163\/revisions"}],"predecessor-version":[{"id":11035,"href":"https:\/\/bruderklaus.com\/fr\/wp-json\/wp\/v2\/pages\/9163\/revisions\/11035"}],"up":[{"embeddable":true,"href":"https:\/\/bruderklaus.com\/fr\/wp-json\/wp\/v2\/pages\/9680"}],"wp:featuredmedia":[{"embeddable":true,"href":"https:\/\/bruderklaus.com\/fr\/wp-json\/wp\/v2\/media\/2090"}],"wp:attachment":[{"href":"https:\/\/bruderklaus.com\/fr\/wp-json\/wp\/v2\/media?parent=9163"}],"curies":[{"name":"wp","href":"https:\/\/api.w.org\/{rel}","templated":true}]}}