{"id":15950,"date":"2022-04-24T19:53:49","date_gmt":"2022-04-24T17:53:49","guid":{"rendered":"https:\/\/bruderklaus.com\/?page_id=15950"},"modified":"2023-02-08T16:47:28","modified_gmt":"2023-02-08T15:47:28","slug":"paix-travail-et-cadeau","status":"publish","type":"page","link":"https:\/\/bruderklaus.com\/fr\/niklaus-von-fluee-dorothee-wyss\/frieden\/paix-travail-et-cadeau\/","title":{"rendered":"Paix &#8211; travail et cadeau"},"content":{"rendered":"\n<p><strong>La confrontation vivante avec Nicolas et Doroth\u00e9e et le massage de paix du Ranft doit se raviver et \u00eatre accessible aux hommes d&#8217;auhourd&#8217;hui.<\/strong><\/p>\n\n\n\n<p>Dans un premier temps, une manifestation de printemps et une manifestation d&#8217;automne sont pr\u00e9vues sur les ann\u00e9es 2022-24. Elles seront compl\u00e9t\u00e9es par des offres suppl\u00e9mentaires ponctuelles. En mettant l&#8217;accent sur la question-cl\u00e9 <em>\u00abQue diraient Nicolas et Doroth\u00e9e?\u00bb<\/em> des observateurs externesr\u00e9digeront la conclusion <em>\u00abImpulsions du Ranft\u00bb<\/em> apr\u00e8s chaque manifestation.<\/p>\n\n\n\n<p><strong>Prochaine manifestation:<\/strong> <strong>\u00abJustice sociale et paix\u00bb, samedi 18 mars 2023<\/strong><\/p>\n\n\n\n<p>Le foss\u00e9 grandissant entre les riches et les pauvres met en p\u00e9ril la coh\u00e9sion sociale et la paix, c&#8217;est le th\u00e8me de la conf\u00e9rence. Que faire lorsque l&#8217;argent ne suffit pas pour vivre? Dons g\u00e9n\u00e9reux ou mesures structurelles?<br><\/p>\n\n\n\n<p>Ces questions sociales seront abord\u00e9es par <strong>Hugo Fase<\/strong>l, ancien conseiller national et ancien directeur de Caritas Suisse, dans son expos\u00e9 \u00abPauvret\u00e9 &#8211; danger pour la justice sociale et la paix\u00bb. La pr\u00e9sidente du Grand Conseil d&#8217;Obwald, <strong>Regula Gerig-Bucher<\/strong>, mettra en lumi\u00e8re la \u00abpauvret\u00e9 \u00e0 Obwald\u00bb dans son expos\u00e9.<\/p>\n\n\n\n<p>Ensuite, <strong>tables rondes <\/strong>sur le foss\u00e9 grandissant entre riches et pauvres avec <strong>Christoph Amstad<\/strong>, Landammann et chef du d\u00e9partement de la s\u00e9curit\u00e9 et des affaires sociales d&#8217;Obwald; <strong>Peter Truttmann<\/strong>, chef de la direction de la sant\u00e9 et des affaires sociales de Nidwald; Hugo Fasel et Andreas Lustenberger, Caritas Suisse; Regula Gerig-Bucher et d&#8217;autres politiciens et sp\u00e9cialistes.<\/p>\n\n\n\n<p><br><\/p>\n\n\n\n<div class=\"wp-block-columns is-layout-flex wp-container-core-columns-layout-1 wp-block-columns-is-layout-flex\">\n<div class=\"wp-block-column is-layout-flow wp-block-column-is-layout-flow\"><p><a class=\"c-btn-main\"  href=\"https:\/\/bruderklaus.com\/wp-content\/uploads\/2023\/02\/BK_Flyer_FriedenMa\u0308rz23_GzD_105x210-1.pdf\">Programme<\/a><\/p><\/div>\n\n\n\n<div class=\"wp-block-column is-layout-flow wp-block-column-is-layout-flow\"><p><a class=\"c-btn-main\"  href=\"mailto:kontakt@bruderklaus.com\">S&#8217;inscrire<\/a><\/p><\/div>\n\n\n\n<div class=\"wp-block-column is-layout-flow wp-block-column-is-layout-flow\"><p><a class=\"c-btn-main\"  href=\"https:\/\/bruderklaus.com\/wp-content\/uploads\/2023\/02\/230206_MM_Soziale-Gerechtigkeit-und-Frieden.pdf\">Communiqu\u00e9 de presse<\/a><\/p><\/div>\n<\/div>\n\n\n\n<div class=\"wp-block-columns is-layout-flex wp-container-core-columns-layout-2 wp-block-columns-is-layout-flex\">\n<div class=\"wp-block-column is-layout-flow wp-block-column-is-layout-flow\"><\/div>\n\n\n\n<div class=\"wp-block-column is-layout-flow wp-block-column-is-layout-flow\"><\/div>\n\n\n\n<div class=\"wp-block-column is-layout-flow wp-block-column-is-layout-flow\"><\/div>\n\n\n\n<div class=\"wp-block-column is-layout-flow wp-block-column-is-layout-flow\"><\/div>\n\n\n\n<div class=\"wp-block-column is-layout-flow wp-block-column-is-layout-flow\"><\/div>\n\n\n\n<div class=\"wp-block-column is-layout-flow wp-block-column-is-layout-flow\">\n<figure class=\"wp-block-image size-large\"><a href=\"https:\/\/bruderklaus.com\/wp-content\/uploads\/2021\/03\/favicon-96x96-2.png\"><img decoding=\"async\" width=\"96\" height=\"96\" src=\"https:\/\/bruderklaus.com\/wp-content\/uploads\/2021\/03\/favicon-96x96-2.png\" alt=\"\" class=\"wp-image-970\"\/><\/a><\/figure>\n<\/div>\n\n\n\n<div class=\"wp-block-column is-layout-flow wp-block-column-is-layout-flow\"><\/div>\n\n\n\n<div class=\"wp-block-column is-layout-flow wp-block-column-is-layout-flow\"><\/div>\n\n\n\n<div class=\"wp-block-column is-layout-flow wp-block-column-is-layout-flow\"><\/div>\n\n\n\n<div class=\"wp-block-column is-layout-flow wp-block-column-is-layout-flow\"><\/div>\n\n\n\n<div class=\"wp-block-column is-layout-flow wp-block-column-is-layout-flow\"><\/div>\n<\/div>\n\n\n\n<p><strong><em>\u00ab<\/em>Paix avec la nature\u00bb, samedi, 22 octobre 2022<\/strong><\/p>\n\n\n\n<p>La manifestation d&#8217;automne \u00abPaix avec la nature\u00bb avait pour but d&#8217;inciter \u00e0 changer de mentalit\u00e9 et \u00e0 <em>\u00ab<\/em>agir autrement\u00bb. Autour d&#8217;un brunch compos\u00e9 d&#8217;aliments qui ne sont plus vendus dans le commerce mais qui sont encore tout \u00e0 fait consommables, parler ensemble, entendre parler de projets encourageants, \u00e9couter, discuter, puis se laisser toucher par la nature en descendant au Ranft. La table ronde finale doit encourager les participants \u00e0 agir eux-m\u00eames.<\/p>\n\n\n<p><a class=\"c-btn-main\"  href=\"https:\/\/bruderklaus.com\/wp-content\/uploads\/2022\/10\/Frieden-mit-der-Natur_Anliegen.pdf\">Pr\u00e9occupation<\/a><\/p>\n\n\n<p>Dans sa conclusion, la th\u00e9ologienne Rita Inderbitzin a r\u00e9sum\u00e9 la r\u00e9ponse \u00e0 la question directrice du congr\u00e8s <em>\u00ab<\/em>Que diraient Klaus et Doroth\u00e9e aujourd&#8217;hui ?\u00bb: Vous \u00eates ici ! Renforcez-vous, solidarisez-vous. Vous \u00eates la graine qui tombe en terre et qui porte du fruit en abondance. Vous \u00eates en route!<\/p>\n\n\n\n<div class=\"wp-block-columns is-layout-flex wp-container-core-columns-layout-3 wp-block-columns-is-layout-flex\">\n<div class=\"wp-block-column is-layout-flow wp-block-column-is-layout-flow\"><p><a class=\"c-btn-main\"  href=\"https:\/\/bruderklaus.com\/wp-content\/uploads\/2022\/10\/Impuls-aus-dem-Ranft-Frieden-mit-der-Natur_Rita-Inderbitzin-1.pdf\">Implusion du Ranft<\/a><\/p><\/div>\n\n\n\n<div class=\"wp-block-column is-layout-flow wp-block-column-is-layout-flow\"><p><a class=\"c-btn-main\"  href=\"https:\/\/bruderklaus.com\/wp-content\/uploads\/2022\/10\/221023_NOZonline_R.-Schneuwly_Frieden-mit-der-Natur.pdf\">Revue de presse<\/a><\/p><\/div>\n\n\n\n<div class=\"wp-block-column is-layout-flow wp-block-column-is-layout-flow\"><p><a class=\"c-btn-main\"  href=\"https:\/\/bruderklaus.com\/frieden-mit-der-natur-rueckblick-auf-die-tagung-vom-22-oktober\/\">R\u00e9trospective<\/a><\/p><\/div>\n<\/div>\n\n\n\n<div class=\"wp-block-columns is-layout-flex wp-container-core-columns-layout-4 wp-block-columns-is-layout-flex\">\n<div class=\"wp-block-column is-layout-flow wp-block-column-is-layout-flow\">\n<figure class=\"wp-block-image size-large\"><a href=\"https:\/\/bruderklaus.com\/wp-content\/uploads\/2022\/10\/20221022_Frieden-Natur_142511-181-1-1024x768.jpg\"><img decoding=\"async\" width=\"1024\" height=\"768\" src=\"https:\/\/bruderklaus.com\/wp-content\/uploads\/2022\/10\/20221022_Frieden-Natur_142511-181-1-1024x768.jpg\" alt=\"\" class=\"wp-image-17104\" srcset=\"https:\/\/bruderklaus.com\/wp-content\/uploads\/2022\/10\/20221022_Frieden-Natur_142511-181-1-1024x768.jpg 1024w, https:\/\/bruderklaus.com\/wp-content\/uploads\/2022\/10\/20221022_Frieden-Natur_142511-181-1-300x225.jpg 300w, https:\/\/bruderklaus.com\/wp-content\/uploads\/2022\/10\/20221022_Frieden-Natur_142511-181-1-768x576.jpg 768w, https:\/\/bruderklaus.com\/wp-content\/uploads\/2022\/10\/20221022_Frieden-Natur_142511-181-1-1536x1152.jpg 1536w, https:\/\/bruderklaus.com\/wp-content\/uploads\/2022\/10\/20221022_Frieden-Natur_142511-181-1-600x450.jpg 600w, https:\/\/bruderklaus.com\/wp-content\/uploads\/2022\/10\/20221022_Frieden-Natur_142511-181-1.jpg 2048w\" sizes=\"(max-width: 1024px) 100vw, 1024px\" \/><\/a><\/figure>\n<\/div>\n\n\n\n<div class=\"wp-block-column is-layout-flow wp-block-column-is-layout-flow\">\n<figure class=\"wp-block-image size-large\"><a href=\"https:\/\/bruderklaus.com\/wp-content\/uploads\/2022\/10\/20221022_Frieden-Natur_142511-13-1-1024x768.jpg\"><img decoding=\"async\" width=\"1024\" height=\"768\" src=\"https:\/\/bruderklaus.com\/wp-content\/uploads\/2022\/10\/20221022_Frieden-Natur_142511-13-1-1024x768.jpg\" alt=\"\" class=\"wp-image-17101\" srcset=\"https:\/\/bruderklaus.com\/wp-content\/uploads\/2022\/10\/20221022_Frieden-Natur_142511-13-1-1024x768.jpg 1024w, https:\/\/bruderklaus.com\/wp-content\/uploads\/2022\/10\/20221022_Frieden-Natur_142511-13-1-300x225.jpg 300w, https:\/\/bruderklaus.com\/wp-content\/uploads\/2022\/10\/20221022_Frieden-Natur_142511-13-1-768x576.jpg 768w, https:\/\/bruderklaus.com\/wp-content\/uploads\/2022\/10\/20221022_Frieden-Natur_142511-13-1-1536x1152.jpg 1536w, https:\/\/bruderklaus.com\/wp-content\/uploads\/2022\/10\/20221022_Frieden-Natur_142511-13-1-600x450.jpg 600w, https:\/\/bruderklaus.com\/wp-content\/uploads\/2022\/10\/20221022_Frieden-Natur_142511-13-1.jpg 2048w\" sizes=\"(max-width: 1024px) 100vw, 1024px\" \/><\/a><\/figure>\n<\/div>\n\n\n\n<div class=\"wp-block-column is-layout-flow wp-block-column-is-layout-flow\">\n<figure class=\"wp-block-image size-large\"><a href=\"https:\/\/bruderklaus.com\/wp-content\/uploads\/2022\/10\/20221022_Frieden-Natur_142511-204-2-1024x768.jpg\"><img decoding=\"async\" width=\"1024\" height=\"768\" src=\"https:\/\/bruderklaus.com\/wp-content\/uploads\/2022\/10\/20221022_Frieden-Natur_142511-204-2-1024x768.jpg\" alt=\"\" class=\"wp-image-17107\" srcset=\"https:\/\/bruderklaus.com\/wp-content\/uploads\/2022\/10\/20221022_Frieden-Natur_142511-204-2-1024x768.jpg 1024w, https:\/\/bruderklaus.com\/wp-content\/uploads\/2022\/10\/20221022_Frieden-Natur_142511-204-2-300x225.jpg 300w, https:\/\/bruderklaus.com\/wp-content\/uploads\/2022\/10\/20221022_Frieden-Natur_142511-204-2-768x576.jpg 768w, https:\/\/bruderklaus.com\/wp-content\/uploads\/2022\/10\/20221022_Frieden-Natur_142511-204-2-1536x1152.jpg 1536w, https:\/\/bruderklaus.com\/wp-content\/uploads\/2022\/10\/20221022_Frieden-Natur_142511-204-2-600x450.jpg 600w, https:\/\/bruderklaus.com\/wp-content\/uploads\/2022\/10\/20221022_Frieden-Natur_142511-204-2.jpg 2048w\" sizes=\"(max-width: 1024px) 100vw, 1024px\" \/><\/a><\/figure>\n<\/div>\n\n\n\n<div class=\"wp-block-column is-layout-flow wp-block-column-is-layout-flow\">\n<figure class=\"wp-block-image size-large\"><a href=\"https:\/\/bruderklaus.com\/wp-content\/uploads\/2022\/10\/20221022_Frieden-Natur_142511-91-1024x768.jpg\"><img decoding=\"async\" width=\"1024\" height=\"768\" src=\"https:\/\/bruderklaus.com\/wp-content\/uploads\/2022\/10\/20221022_Frieden-Natur_142511-91-1024x768.jpg\" alt=\"\" class=\"wp-image-17110\" srcset=\"https:\/\/bruderklaus.com\/wp-content\/uploads\/2022\/10\/20221022_Frieden-Natur_142511-91-1024x768.jpg 1024w, https:\/\/bruderklaus.com\/wp-content\/uploads\/2022\/10\/20221022_Frieden-Natur_142511-91-300x225.jpg 300w, https:\/\/bruderklaus.com\/wp-content\/uploads\/2022\/10\/20221022_Frieden-Natur_142511-91-768x576.jpg 768w, https:\/\/bruderklaus.com\/wp-content\/uploads\/2022\/10\/20221022_Frieden-Natur_142511-91-1536x1152.jpg 1536w, https:\/\/bruderklaus.com\/wp-content\/uploads\/2022\/10\/20221022_Frieden-Natur_142511-91-600x450.jpg 600w, https:\/\/bruderklaus.com\/wp-content\/uploads\/2022\/10\/20221022_Frieden-Natur_142511-91.jpg 2048w\" sizes=\"(max-width: 1024px) 100vw, 1024px\" \/><\/a><\/figure>\n<\/div>\n\n\n\n<div class=\"wp-block-column is-layout-flow wp-block-column-is-layout-flow\">\n<figure class=\"wp-block-image size-large\"><a href=\"https:\/\/bruderklaus.com\/wp-content\/uploads\/2022\/10\/20221022_Frieden-Natur_142511-35-1024x768.jpg\"><img decoding=\"async\" width=\"1024\" height=\"768\" src=\"https:\/\/bruderklaus.com\/wp-content\/uploads\/2022\/10\/20221022_Frieden-Natur_142511-35-1024x768.jpg\" alt=\"\" class=\"wp-image-17113\" srcset=\"https:\/\/bruderklaus.com\/wp-content\/uploads\/2022\/10\/20221022_Frieden-Natur_142511-35-1024x768.jpg 1024w, https:\/\/bruderklaus.com\/wp-content\/uploads\/2022\/10\/20221022_Frieden-Natur_142511-35-300x225.jpg 300w, https:\/\/bruderklaus.com\/wp-content\/uploads\/2022\/10\/20221022_Frieden-Natur_142511-35-768x576.jpg 768w, https:\/\/bruderklaus.com\/wp-content\/uploads\/2022\/10\/20221022_Frieden-Natur_142511-35-1536x1152.jpg 1536w, https:\/\/bruderklaus.com\/wp-content\/uploads\/2022\/10\/20221022_Frieden-Natur_142511-35-600x450.jpg 600w, https:\/\/bruderklaus.com\/wp-content\/uploads\/2022\/10\/20221022_Frieden-Natur_142511-35.jpg 2048w\" sizes=\"(max-width: 1024px) 100vw, 1024px\" \/><\/a><\/figure>\n<\/div>\n<\/div>\n\n\n\n<div class=\"wp-block-columns is-layout-flex wp-container-core-columns-layout-5 wp-block-columns-is-layout-flex\">\n<div class=\"wp-block-column is-layout-flow wp-block-column-is-layout-flow\"><\/div>\n\n\n\n<div class=\"wp-block-column is-layout-flow wp-block-column-is-layout-flow\"><\/div>\n\n\n\n<div class=\"wp-block-column is-layout-flow wp-block-column-is-layout-flow\"><\/div>\n\n\n\n<div class=\"wp-block-column is-layout-flow wp-block-column-is-layout-flow\"><\/div>\n\n\n\n<div class=\"wp-block-column is-layout-flow wp-block-column-is-layout-flow\"><\/div>\n\n\n\n<div class=\"wp-block-column is-layout-flow wp-block-column-is-layout-flow\">\n<figure class=\"wp-block-image size-large\"><a href=\"https:\/\/bruderklaus.com\/wp-content\/uploads\/2021\/03\/favicon-96x96-2.png\"><img decoding=\"async\" width=\"96\" height=\"96\" src=\"https:\/\/bruderklaus.com\/wp-content\/uploads\/2021\/03\/favicon-96x96-2.png\" alt=\"\" class=\"wp-image-970\"\/><\/a><\/figure>\n<\/div>\n\n\n\n<div class=\"wp-block-column is-layout-flow wp-block-column-is-layout-flow\"><\/div>\n\n\n\n<div class=\"wp-block-column is-layout-flow wp-block-column-is-layout-flow\"><\/div>\n\n\n\n<div class=\"wp-block-column is-layout-flow wp-block-column-is-layout-flow\"><\/div>\n\n\n\n<div class=\"wp-block-column is-layout-flow wp-block-column-is-layout-flow\"><\/div>\n\n\n\n<div class=\"wp-block-column is-layout-flow wp-block-column-is-layout-flow\"><\/div>\n<\/div>\n\n\n\n<p><strong><em>\u00ab<\/em>Avec nos pr\u00e9occupations chez Nicolas et Doroth\u00e9e<strong>\u00bb<\/strong>, samedi 2 avril 2022<\/strong><\/p>\n\n\n<p><a class=\"c-btn-main\"  href=\"https:\/\/bruderklaus.com\/wp-content\/uploads\/2022\/04\/IMPLUSION-du-RANFT_S1.pdf\">Implusion du Ranft<\/a><\/p>\n\n\n<div class=\"wp-block-columns is-layout-flex wp-container-core-columns-layout-6 wp-block-columns-is-layout-flex\">\n<div class=\"wp-block-column is-layout-flow wp-block-column-is-layout-flow\">\n<figure class=\"wp-block-image size-large\"><a href=\"https:\/\/bruderklaus.com\/wp-content\/uploads\/2022\/04\/Anliegen-zu-NvF-u.-DW_20220402_163123-14_Web-1024x768.jpg\"><img decoding=\"async\" width=\"1024\" height=\"768\" src=\"https:\/\/bruderklaus.com\/wp-content\/uploads\/2022\/04\/Anliegen-zu-NvF-u.-DW_20220402_163123-14_Web-1024x768.jpg\" alt=\"\" class=\"wp-image-15291\" srcset=\"https:\/\/bruderklaus.com\/wp-content\/uploads\/2022\/04\/Anliegen-zu-NvF-u.-DW_20220402_163123-14_Web-1024x768.jpg 1024w, https:\/\/bruderklaus.com\/wp-content\/uploads\/2022\/04\/Anliegen-zu-NvF-u.-DW_20220402_163123-14_Web-300x225.jpg 300w, https:\/\/bruderklaus.com\/wp-content\/uploads\/2022\/04\/Anliegen-zu-NvF-u.-DW_20220402_163123-14_Web-768x576.jpg 768w, https:\/\/bruderklaus.com\/wp-content\/uploads\/2022\/04\/Anliegen-zu-NvF-u.-DW_20220402_163123-14_Web-1536x1152.jpg 1536w, https:\/\/bruderklaus.com\/wp-content\/uploads\/2022\/04\/Anliegen-zu-NvF-u.-DW_20220402_163123-14_Web-600x450.jpg 600w, https:\/\/bruderklaus.com\/wp-content\/uploads\/2022\/04\/Anliegen-zu-NvF-u.-DW_20220402_163123-14_Web.jpg 2048w\" sizes=\"(max-width: 1024px) 100vw, 1024px\" \/><\/a><\/figure>\n<\/div>\n\n\n\n<div class=\"wp-block-column is-layout-flow wp-block-column-is-layout-flow\">\n<figure class=\"wp-block-image size-large\"><a href=\"https:\/\/bruderklaus.com\/wp-content\/uploads\/2022\/04\/Anliegen-zu-NvF-u.-DW_Aufbruch-Gruppengespraechen_20220402_163123-57-1-1024x768.jpg\"><img decoding=\"async\" width=\"1024\" height=\"768\" src=\"https:\/\/bruderklaus.com\/wp-content\/uploads\/2022\/04\/Anliegen-zu-NvF-u.-DW_Aufbruch-Gruppengespraechen_20220402_163123-57-1-1024x768.jpg\" alt=\"\" class=\"wp-image-15957\" srcset=\"https:\/\/bruderklaus.com\/wp-content\/uploads\/2022\/04\/Anliegen-zu-NvF-u.-DW_Aufbruch-Gruppengespraechen_20220402_163123-57-1-1024x768.jpg 1024w, https:\/\/bruderklaus.com\/wp-content\/uploads\/2022\/04\/Anliegen-zu-NvF-u.-DW_Aufbruch-Gruppengespraechen_20220402_163123-57-1-300x225.jpg 300w, https:\/\/bruderklaus.com\/wp-content\/uploads\/2022\/04\/Anliegen-zu-NvF-u.-DW_Aufbruch-Gruppengespraechen_20220402_163123-57-1-768x576.jpg 768w, https:\/\/bruderklaus.com\/wp-content\/uploads\/2022\/04\/Anliegen-zu-NvF-u.-DW_Aufbruch-Gruppengespraechen_20220402_163123-57-1-1536x1152.jpg 1536w, https:\/\/bruderklaus.com\/wp-content\/uploads\/2022\/04\/Anliegen-zu-NvF-u.-DW_Aufbruch-Gruppengespraechen_20220402_163123-57-1-600x450.jpg 600w, https:\/\/bruderklaus.com\/wp-content\/uploads\/2022\/04\/Anliegen-zu-NvF-u.-DW_Aufbruch-Gruppengespraechen_20220402_163123-57-1.jpg 2048w\" sizes=\"(max-width: 1024px) 100vw, 1024px\" \/><\/a><\/figure>\n<\/div>\n\n\n\n<div class=\"wp-block-column is-layout-flow wp-block-column-is-layout-flow\">\n<figure class=\"wp-block-image size-large\"><a href=\"https:\/\/bruderklaus.com\/wp-content\/uploads\/2022\/04\/Anliegen-zu-NvF-u.-DW_Aufbruch-Gruppengespraechen_20220402_163123-55-2-1024x768.jpg\"><img decoding=\"async\" width=\"1024\" height=\"768\" src=\"https:\/\/bruderklaus.com\/wp-content\/uploads\/2022\/04\/Anliegen-zu-NvF-u.-DW_Aufbruch-Gruppengespraechen_20220402_163123-55-2-1024x768.jpg\" alt=\"\" class=\"wp-image-15960\" srcset=\"https:\/\/bruderklaus.com\/wp-content\/uploads\/2022\/04\/Anliegen-zu-NvF-u.-DW_Aufbruch-Gruppengespraechen_20220402_163123-55-2-1024x768.jpg 1024w, https:\/\/bruderklaus.com\/wp-content\/uploads\/2022\/04\/Anliegen-zu-NvF-u.-DW_Aufbruch-Gruppengespraechen_20220402_163123-55-2-300x225.jpg 300w, https:\/\/bruderklaus.com\/wp-content\/uploads\/2022\/04\/Anliegen-zu-NvF-u.-DW_Aufbruch-Gruppengespraechen_20220402_163123-55-2-768x576.jpg 768w, https:\/\/bruderklaus.com\/wp-content\/uploads\/2022\/04\/Anliegen-zu-NvF-u.-DW_Aufbruch-Gruppengespraechen_20220402_163123-55-2-1536x1152.jpg 1536w, https:\/\/bruderklaus.com\/wp-content\/uploads\/2022\/04\/Anliegen-zu-NvF-u.-DW_Aufbruch-Gruppengespraechen_20220402_163123-55-2-600x450.jpg 600w, https:\/\/bruderklaus.com\/wp-content\/uploads\/2022\/04\/Anliegen-zu-NvF-u.-DW_Aufbruch-Gruppengespraechen_20220402_163123-55-2.jpg 2048w\" sizes=\"(max-width: 1024px) 100vw, 1024px\" \/><\/a><\/figure>\n<\/div>\n\n\n\n<div class=\"wp-block-column is-layout-flow wp-block-column-is-layout-flow\">\n<figure class=\"wp-block-image size-large\"><a href=\"https:\/\/bruderklaus.com\/wp-content\/uploads\/2022\/04\/Anliegen-zu-NvF-u.-DW_20220402_163123-8-3-1024x768.jpg\"><img decoding=\"async\" width=\"1024\" height=\"768\" src=\"https:\/\/bruderklaus.com\/wp-content\/uploads\/2022\/04\/Anliegen-zu-NvF-u.-DW_20220402_163123-8-3-1024x768.jpg\" alt=\"\" class=\"wp-image-15954\" srcset=\"https:\/\/bruderklaus.com\/wp-content\/uploads\/2022\/04\/Anliegen-zu-NvF-u.-DW_20220402_163123-8-3-1024x768.jpg 1024w, https:\/\/bruderklaus.com\/wp-content\/uploads\/2022\/04\/Anliegen-zu-NvF-u.-DW_20220402_163123-8-3-300x225.jpg 300w, https:\/\/bruderklaus.com\/wp-content\/uploads\/2022\/04\/Anliegen-zu-NvF-u.-DW_20220402_163123-8-3-768x576.jpg 768w, https:\/\/bruderklaus.com\/wp-content\/uploads\/2022\/04\/Anliegen-zu-NvF-u.-DW_20220402_163123-8-3-1536x1152.jpg 1536w, https:\/\/bruderklaus.com\/wp-content\/uploads\/2022\/04\/Anliegen-zu-NvF-u.-DW_20220402_163123-8-3-600x450.jpg 600w, https:\/\/bruderklaus.com\/wp-content\/uploads\/2022\/04\/Anliegen-zu-NvF-u.-DW_20220402_163123-8-3.jpg 2048w\" sizes=\"(max-width: 1024px) 100vw, 1024px\" \/><\/a><\/figure>\n<\/div>\n<\/div>\n\n\n<p><a class=\"c-btn-main\"  href=\"https:\/\/bruderklaus.com\/niklaus-von-fluee-dorothee-wyss\/frieden\/frieden-arbeit-und-geschenk\/\">plus d&#8217;infos en allemand<\/a><\/p>\n\n\n<p><\/p>\n","protected":false},"excerpt":{"rendered":"<p>La confrontation vivante avec Nicolas et Doroth\u00e9e et le massage de paix du Ranft doit se raviver et \u00eatre accessible aux hommes d&#8217;auhourd&#8217;hui. Dans un premier temps, une manifestation de printemps et une manifestation d&#8217;automne sont pr\u00e9vues sur les ann\u00e9es 2022-24. Elles seront compl\u00e9t\u00e9es par des offres suppl\u00e9mentaires ponctuelles. En mettant l&#8217;accent sur la question-cl\u00e9 [&hellip;]<\/p>\n","protected":false},"author":3,"featured_media":2870,"parent":10527,"menu_order":210,"comment_status":"closed","ping_status":"closed","template":"","meta":{"_acf_changed":false,"footnotes":""},"acf":[],"_links":{"self":[{"href":"https:\/\/bruderklaus.com\/fr\/wp-json\/wp\/v2\/pages\/15950"}],"collection":[{"href":"https:\/\/bruderklaus.com\/fr\/wp-json\/wp\/v2\/pages"}],"about":[{"href":"https:\/\/bruderklaus.com\/fr\/wp-json\/wp\/v2\/types\/page"}],"author":[{"embeddable":true,"href":"https:\/\/bruderklaus.com\/fr\/wp-json\/wp\/v2\/users\/3"}],"replies":[{"embeddable":true,"href":"https:\/\/bruderklaus.com\/fr\/wp-json\/wp\/v2\/comments?post=15950"}],"version-history":[{"count":18,"href":"https:\/\/bruderklaus.com\/fr\/wp-json\/wp\/v2\/pages\/15950\/revisions"}],"predecessor-version":[{"id":17967,"href":"https:\/\/bruderklaus.com\/fr\/wp-json\/wp\/v2\/pages\/15950\/revisions\/17967"}],"up":[{"embeddable":true,"href":"https:\/\/bruderklaus.com\/fr\/wp-json\/wp\/v2\/pages\/10527"}],"wp:featuredmedia":[{"embeddable":true,"href":"https:\/\/bruderklaus.com\/fr\/wp-json\/wp\/v2\/media\/2870"}],"wp:attachment":[{"href":"https:\/\/bruderklaus.com\/fr\/wp-json\/wp\/v2\/media?parent=15950"}],"curies":[{"name":"wp","href":"https:\/\/api.w.org\/{rel}","templated":true}]}}