{"id":11177,"date":"2021-01-26T21:46:47","date_gmt":"2021-01-26T21:46:47","guid":{"rendered":"https:\/\/bruderklaus.com\/foerderverein-netzwerk\/foerderverein\/kollektivmitglieder\/"},"modified":"2022-03-21T13:54:28","modified_gmt":"2022-03-21T12:54:28","slug":"kollektivmitglieder","status":"publish","type":"page","link":"https:\/\/bruderklaus.com\/fr\/foerderverein-netzwerk\/foerderverein\/kollektivmitglieder\/","title":{"rendered":"Membres collectifs"},"content":{"rendered":"\n<h2 class=\"wp-block-heading\">Membres collectifs<\/h2>\n\n\n\n<p>Les membres collectifs de l&#8217;association de soutien \u00abF\u00f6rderverein Niklaus von Fl\u00fce und Doroth\u00e9e Wyss\u00bb sont des organisations du r\u00e9seau, des communaut\u00e9s politiques et eccl\u00e9siastiques, des paroisses et des communaut\u00e9s, des soci\u00e9t\u00e9s, des associations et d&#8217;autres entit\u00e9s juridiques.<\/p>\n\n\n\n<p>Les membres fondateurs et collectifs qui soutiennent l&#8217;association par une contribution annuelle r\u00e9currente sont les organisations et communaut\u00e9s suivantes :<\/p>\n\n\n\n<p><\/p>\n\n\n\n<div class=\"wp-block-columns is-layout-flex wp-container-core-columns-layout-1 wp-block-columns-is-layout-flex\">\n<div class=\"wp-block-column is-layout-flow wp-block-column-is-layout-flow\">\n<figure class=\"wp-block-image size-large\"><img decoding=\"async\" width=\"2560\" height=\"1176\" src=\"https:\/\/bruderklaus.com\/wp-content\/uploads\/2021\/03\/Logo_Kirchgemeinde_Sachseln-ohne-Adresse.jpg\" alt=\"\" class=\"wp-image-2897\"\/><\/figure>\n<\/div>\n\n\n\n<div class=\"wp-block-column is-layout-flow wp-block-column-is-layout-flow\">\n<figure class=\"wp-block-image size-large\"><img decoding=\"async\" width=\"2560\" height=\"958\" src=\"https:\/\/bruderklaus.com\/wp-content\/uploads\/2021\/03\/Logo_IM_Inlaendische-Mission_vierspr.jpg\" alt=\"\" class=\"wp-image-2900\"\/><\/figure>\n<\/div>\n\n\n\n<div class=\"wp-block-column is-layout-flow wp-block-column-is-layout-flow\">\n<figure class=\"wp-block-image size-large\"><img decoding=\"async\" width=\"1416\" height=\"792\" src=\"https:\/\/bruderklaus.com\/wp-content\/uploads\/2021\/03\/Logo-Gemeinde-Sachseln.jpg\" alt=\"\" class=\"wp-image-2903\"\/><\/figure>\n<\/div>\n<\/div>\n\n\n\n<div class=\"wp-block-columns is-layout-flex wp-container-core-columns-layout-2 wp-block-columns-is-layout-flex\">\n<div class=\"wp-block-column is-layout-flow wp-block-column-is-layout-flow\">\n<hr class=\"wp-block-separator\"\/>\n<\/div>\n<\/div>\n\n\n\n<div class=\"wp-block-columns is-layout-flex wp-container-core-columns-layout-3 wp-block-columns-is-layout-flex\">\n<div class=\"wp-block-column is-layout-flow wp-block-column-is-layout-flow\">\n<figure class=\"wp-block-image size-large\"><img decoding=\"async\" width=\"2560\" height=\"1114\" src=\"https:\/\/bruderklaus.com\/wp-content\/uploads\/2021\/03\/Paxmontana_Logo.jpg\" alt=\"\" class=\"wp-image-2907\"\/><\/figure>\n<\/div>\n\n\n\n<div class=\"wp-block-column is-layout-flow wp-block-column-is-layout-flow\">\n<p>   <\/p>\n\n\n\n<p class=\"has-text-align-center\">     <strong>        Verband der evang.-ref.              Kirchgemeinden<br>          des Kantons Obwalden VERKOW<\/strong><\/p>\n<\/div>\n\n\n\n<div class=\"wp-block-column is-layout-flow wp-block-column-is-layout-flow\">\n<p>   <\/p>\n\n\n\n<p class=\"has-text-align-center\">  <strong>    Verband der r\u00f6m.-kath.       Kirchgemeinden<br>       des Kantons Obwalden<\/strong><\/p>\n<\/div>\n<\/div>\n\n\n\n<div class=\"wp-block-columns is-layout-flex wp-container-core-columns-layout-4 wp-block-columns-is-layout-flex\">\n<div class=\"wp-block-column is-layout-flow wp-block-column-is-layout-flow\">\n<hr class=\"wp-block-separator\"\/>\n<\/div>\n<\/div>\n\n\n\n<div class=\"wp-block-columns is-layout-flex wp-container-core-columns-layout-5 wp-block-columns-is-layout-flex\">\n<div class=\"wp-block-column is-layout-flow wp-block-column-is-layout-flow\">\n<figure class=\"wp-block-image size-large\"><img decoding=\"async\" width=\"1024\" height=\"348\" src=\"https:\/\/bruderklaus.com\/wp-content\/uploads\/2021\/03\/121221_KLB_Logo_RGB.jpg\" alt=\"\" class=\"wp-image-4306\"\/><\/figure>\n<\/div>\n\n\n\n<div class=\"wp-block-column is-layout-flow wp-block-column-is-layout-flow\"><\/div>\n\n\n\n<div class=\"wp-block-column is-layout-flow wp-block-column-is-layout-flow\"><\/div>\n<\/div>\n\n\n\n<div class=\"wp-block-columns is-layout-flex wp-container-core-columns-layout-6 wp-block-columns-is-layout-flex\">\n<div class=\"wp-block-column is-layout-flow wp-block-column-is-layout-flow\">\n<hr class=\"wp-block-separator\"\/>\n\n\n<script type=\"text\/javascript\">var gform;gform||(document.addEventListener(\"gform_main_scripts_loaded\",function(){gform.scriptsLoaded=!0}),window.addEventListener(\"DOMContentLoaded\",function(){gform.domLoaded=!0}),gform={domLoaded:!1,scriptsLoaded:!1,initializeOnLoaded:function(o){gform.domLoaded&&gform.scriptsLoaded?o():!gform.domLoaded&&gform.scriptsLoaded?window.addEventListener(\"DOMContentLoaded\",o):document.addEventListener(\"gform_main_scripts_loaded\",o)},hooks:{action:{},filter:{}},addAction:function(o,n,r,t){gform.addHook(\"action\",o,n,r,t)},addFilter:function(o,n,r,t){gform.addHook(\"filter\",o,n,r,t)},doAction:function(o){gform.doHook(\"action\",o,arguments)},applyFilters:function(o){return gform.doHook(\"filter\",o,arguments)},removeAction:function(o,n){gform.removeHook(\"action\",o,n)},removeFilter:function(o,n,r){gform.removeHook(\"filter\",o,n,r)},addHook:function(o,n,r,t,i){null==gform.hooks[o][n]&&(gform.hooks[o][n]=[]);var e=gform.hooks[o][n];null==i&&(i=n+\"_\"+e.length),gform.hooks[o][n].push({tag:i,callable:r,priority:t=null==t?10:t})},doHook:function(n,o,r){var t;if(r=Array.prototype.slice.call(r,1),null!=gform.hooks[n][o]&&((o=gform.hooks[n][o]).sort(function(o,n){return o.priority-n.priority}),o.forEach(function(o){\"function\"!=typeof(t=o.callable)&&(t=window[t]),\"action\"==n?t.apply(null,r):r[0]=t.apply(null,r)})),\"filter\"==n)return r[0]},removeHook:function(o,n,t,i){var r;null!=gform.hooks[o][n]&&(r=(r=gform.hooks[o][n]).filter(function(o,n,r){return!!(null!=i&&i!=o.tag||null!=t&&t!=o.priority)}),gform.hooks[o][n]=r)}});<\/script>\n                <div class='gf_browser_gecko gform_wrapper gform_legacy_markup_wrapper gform-theme--no-framework' data-form-theme='legacy' data-form-index='0' id='gform_wrapper_4' ><style>#gform_wrapper_4[data-form-index=\"0\"].gform-theme,[data-parent-form=\"4_0\"]{--gf-color-primary: #204ce5;--gf-color-primary-rgb: 32, 76, 229;--gf-color-primary-contrast: #fff;--gf-color-primary-contrast-rgb: 255, 255, 255;--gf-color-primary-darker: #001AB3;--gf-color-primary-lighter: #527EFF;--gf-color-secondary: #fff;--gf-color-secondary-rgb: 255, 255, 255;--gf-color-secondary-contrast: #112337;--gf-color-secondary-contrast-rgb: 17, 35, 55;--gf-color-secondary-darker: #F5F5F5;--gf-color-secondary-lighter: #FFFFFF;--gf-color-out-ctrl-light: rgba(17, 35, 55, 0.1);--gf-color-out-ctrl-light-rgb: 17, 35, 55;--gf-color-out-ctrl-light-darker: rgba(104, 110, 119, 0.35);--gf-color-out-ctrl-light-lighter: #F5F5F5;--gf-color-out-ctrl-dark: #585e6a;--gf-color-out-ctrl-dark-rgb: 88, 94, 106;--gf-color-out-ctrl-dark-darker: #112337;--gf-color-out-ctrl-dark-lighter: rgba(17, 35, 55, 0.65);--gf-color-in-ctrl: #fff;--gf-color-in-ctrl-rgb: 255, 255, 255;--gf-color-in-ctrl-contrast: #112337;--gf-color-in-ctrl-contrast-rgb: 17, 35, 55;--gf-color-in-ctrl-darker: #F5F5F5;--gf-color-in-ctrl-lighter: #FFFFFF;--gf-color-in-ctrl-primary: #204ce5;--gf-color-in-ctrl-primary-rgb: 32, 76, 229;--gf-color-in-ctrl-primary-contrast: #fff;--gf-color-in-ctrl-primary-contrast-rgb: 255, 255, 255;--gf-color-in-ctrl-primary-darker: #001AB3;--gf-color-in-ctrl-primary-lighter: #527EFF;--gf-color-in-ctrl-light: rgba(17, 35, 55, 0.1);--gf-color-in-ctrl-light-rgb: 17, 35, 55;--gf-color-in-ctrl-light-darker: rgba(104, 110, 119, 0.35);--gf-color-in-ctrl-light-lighter: #F5F5F5;--gf-color-in-ctrl-dark: #585e6a;--gf-color-in-ctrl-dark-rgb: 88, 94, 106;--gf-color-in-ctrl-dark-darker: #112337;--gf-color-in-ctrl-dark-lighter: rgba(17, 35, 55, 0.65);--gf-radius: 3px;--gf-font-size-secondary: 14px;--gf-font-size-tertiary: 13px;--gf-icon-ctrl-number: url(\"data:image\/svg+xml,%3Csvg width='8' height='14' viewBox='0 0 8 14' fill='none' xmlns='http:\/\/www.w3.org\/2000\/svg'%3E%3Cpath fill-rule='evenodd' clip-rule='evenodd' d='M4 0C4.26522 5.96046e-08 4.51957 0.105357 4.70711 0.292893L7.70711 3.29289C8.09763 3.68342 8.09763 4.31658 7.70711 4.70711C7.31658 5.09763 6.68342 5.09763 6.29289 4.70711L4 2.41421L1.70711 4.70711C1.31658 5.09763 0.683417 5.09763 0.292893 4.70711C-0.0976311 4.31658 -0.097631 3.68342 0.292893 3.29289L3.29289 0.292893C3.48043 0.105357 3.73478 0 4 0ZM0.292893 9.29289C0.683417 8.90237 1.31658 8.90237 1.70711 9.29289L4 11.5858L6.29289 9.29289C6.68342 8.90237 7.31658 8.90237 7.70711 9.29289C8.09763 9.68342 8.09763 10.3166 7.70711 10.7071L4.70711 13.7071C4.31658 14.0976 3.68342 14.0976 3.29289 13.7071L0.292893 10.7071C-0.0976311 10.3166 -0.0976311 9.68342 0.292893 9.29289Z' fill='rgba(17, 35, 55, 0.65)'\/%3E%3C\/svg%3E\");--gf-icon-ctrl-select: url(\"data:image\/svg+xml,%3Csvg width='10' height='6' viewBox='0 0 10 6' fill='none' xmlns='http:\/\/www.w3.org\/2000\/svg'%3E%3Cpath fill-rule='evenodd' clip-rule='evenodd' d='M0.292893 0.292893C0.683417 -0.097631 1.31658 -0.097631 1.70711 0.292893L5 3.58579L8.29289 0.292893C8.68342 -0.0976311 9.31658 -0.0976311 9.70711 0.292893C10.0976 0.683417 10.0976 1.31658 9.70711 1.70711L5.70711 5.70711C5.31658 6.09763 4.68342 6.09763 4.29289 5.70711L0.292893 1.70711C-0.0976311 1.31658 -0.0976311 0.683418 0.292893 0.292893Z' fill='rgba(17, 35, 55, 0.65)'\/%3E%3C\/svg%3E\");--gf-icon-ctrl-search: url(\"data:image\/svg+xml,%3Csvg version='1.1' xmlns='http:\/\/www.w3.org\/2000\/svg' width='640' height='640'%3E%3Cpath d='M256 128c-70.692 0-128 57.308-128 128 0 70.691 57.308 128 128 128 70.691 0 128-57.309 128-128 0-70.692-57.309-128-128-128zM64 256c0-106.039 85.961-192 192-192s192 85.961 192 192c0 41.466-13.146 79.863-35.498 111.248l154.125 154.125c12.496 12.496 12.496 32.758 0 45.254s-32.758 12.496-45.254 0L367.248 412.502C335.862 434.854 297.467 448 256 448c-106.039 0-192-85.962-192-192z' fill='rgba(17, 35, 55, 0.65)'\/%3E%3C\/svg%3E\");--gf-label-space-y-secondary: var(--gf-label-space-y-md-secondary);--gf-ctrl-border-color: #686e77;--gf-ctrl-size: var(--gf-ctrl-size-md);--gf-ctrl-label-color-primary: #112337;--gf-ctrl-label-color-secondary: #112337;--gf-ctrl-choice-size: var(--gf-ctrl-choice-size-md);--gf-ctrl-checkbox-check-size: var(--gf-ctrl-checkbox-check-size-md);--gf-ctrl-radio-check-size: var(--gf-ctrl-radio-check-size-md);--gf-ctrl-btn-font-size: var(--gf-ctrl-btn-font-size-md);--gf-ctrl-btn-padding-x: var(--gf-ctrl-btn-padding-x-md);--gf-ctrl-btn-size: var(--gf-ctrl-btn-size-md);--gf-ctrl-btn-border-color-secondary: #686e77;--gf-ctrl-file-btn-bg-color-hover: #EBEBEB;--gf-field-pg-steps-number-color: rgba(17, 35, 55, 0.8);}<\/style><div id='gf_4' class='gform_anchor' tabindex='-1'><\/div><form method='post' enctype='multipart\/form-data' target='gform_ajax_frame_4' id='gform_4'  action='\/fr\/wp-json\/wp\/v2\/pages\/11177#gf_4' data-formid='4' novalidate>\n                        <div class='gform-body gform_body'><ul id='gform_fields_4' class='gform_fields top_label form_sublabel_below description_below'><li id=\"field_4_12\" class=\"gfield gfield--type-radio gfield--type-choice gf_checkbox_preis gf_checkbox_kollektiv gf_checkbox_textinline gf_list_inline field_sublabel_below gfield--no-description field_description_below hidden_label gfield_visibility_visible\"  data-js-reload=\"field_4_12\" ><label class='gfield_label gform-field-label' >Mitglied<\/label><div class='ginput_container ginput_container_radio'><ul class='gfield_radio' id='input_4_12'>\n\t\t\t<li class='gchoice gchoice_4_12_0'>\n\t\t\t\t<input name='input_12' type='radio' value='Solidarit\u00e9 &lt;br&gt;\u00e0 partir de CHF 200'  id='choice_4_12_0'    \/>\n\t\t\t\t<label for='choice_4_12_0' id='label_4_12_0' class='gform-field-label gform-field-label--type-inline'>Solidarit\u00e9 <br>\u00e0 partir de CHF 200<\/label>\n\t\t\t<\/li>\n\t\t\t<li class='gchoice gchoice_4_12_1'>\n\t\t\t\t<input name='input_12' type='radio' value='Collective &lt;br&gt;\u00e0 partir de CHF 1000'  id='choice_4_12_1'    \/>\n\t\t\t\t<label for='choice_4_12_1' id='label_4_12_1' class='gform-field-label gform-field-label--type-inline'>Collective <br>\u00e0 partir de CHF 1000<\/label>\n\t\t\t<\/li><\/ul><\/div><\/li><li id=\"field_4_18\" class=\"gfield gfield--type-text gf_label_up field_sublabel_below gfield--no-description field_description_below gfield_visibility_visible\"  data-js-reload=\"field_4_18\" ><label class='gfield_label gform-field-label' for='input_4_18'>Organisation<\/label><div class='ginput_container ginput_container_text'><input name='input_18' id='input_4_18' type='text' value='' class='large'    placeholder='Organisation'  aria-invalid=\"false\"   \/> <\/div><\/li><li id=\"field_4_1\" class=\"gfield gfield--type-name gf_name gfield_contains_required field_sublabel_below gfield--no-description field_description_above hidden_label gfield_visibility_visible\"  data-js-reload=\"field_4_1\" ><label class='gfield_label gform-field-label gfield_label_before_complex' >Nom de famille<span class=\"gfield_required\"><span class=\"gfield_required gfield_required_asterisk\">*<\/span><\/span><\/label><div class='ginput_complex ginput_container ginput_container--name has_prefix has_first_name no_middle_name has_last_name no_suffix gf_name_has_3 ginput_container_name gform-grid-row' id='input_4_1'>\n                            <span id='input_4_1_2_container' class='name_prefix name_prefix_select gform-grid-col gform-grid-col--size-auto' >\n                                                    <select name='input_1.2' id='input_4_1_2'    aria-required='false'   >\n                          <option value=''>Titre<\/option><option value='Frau' >Frau<\/option><option value='Herr' >Herr<\/option><option value='Dr.' >Dr.<\/option><option value='Prof.' >Prof.<\/option>\n                      <\/select>\n                                                    <label for='input_4_1_2' class='gform-field-label gform-field-label--type-sub '>Titre<\/label>\n                                                  <\/span>\n                            <span id='input_4_1_3_container' class='name_first gform-grid-col gform-grid-col--size-auto' >\n                                                    <input type='text' name='input_1.3' id='input_4_1_3' value=''   aria-required='true'   placeholder='Pr\u00e9nom'  \/>\n                                                    <label for='input_4_1_3' class='gform-field-label gform-field-label--type-sub '>Pr\u00e9nom *<\/label>\n                                                <\/span>\n                            \n                            <span id='input_4_1_6_container' class='name_last gform-grid-col gform-grid-col--size-auto' >\n                                                    <input type='text' name='input_1.6' id='input_4_1_6' value=''   aria-required='true'   placeholder='Nom de famille'  \/>\n                                                    <label for='input_4_1_6' class='gform-field-label gform-field-label--type-sub '>Nom de famille *<\/label>\n                                                <\/span>\n                            \n                        <\/div><\/li><li id=\"field_4_17\" class=\"gfield gfield--type-text gf_label_up gf_left_half gf_strasse gfield_contains_required field_sublabel_below gfield--no-description field_description_below gfield_visibility_visible\"  data-js-reload=\"field_4_17\" ><label class='gfield_label gform-field-label' for='input_4_17'>Rue et No<span class=\"gfield_required\"><span class=\"gfield_required gfield_required_asterisk\">*<\/span><\/span><\/label><div class='ginput_container ginput_container_text'><input name='input_17' id='input_4_17' type='text' value='' class='large'    placeholder='Rue et No' aria-required=\"true\" aria-invalid=\"false\"   \/> <\/div><\/li><li id=\"field_4_15\" class=\"gfield gfield--type-text gf_label_up gf_left_half gf_plz gfield_contains_required field_sublabel_below gfield--no-description field_description_below gfield_visibility_visible\"  data-js-reload=\"field_4_15\" ><label class='gfield_label gform-field-label' for='input_4_15'>NPA<span class=\"gfield_required\"><span class=\"gfield_required gfield_required_asterisk\">*<\/span><\/span><\/label><div class='ginput_container ginput_container_text'><input name='input_15' id='input_4_15' type='text' value='' class='large'    placeholder='NPA' aria-required=\"true\" aria-invalid=\"false\"   \/> <\/div><\/li><li id=\"field_4_16\" class=\"gfield gfield--type-text gf_label_up gf_right_half gf_ort gfield_contains_required field_sublabel_below gfield--no-description field_description_below gfield_visibility_visible\"  data-js-reload=\"field_4_16\" ><label class='gfield_label gform-field-label' for='input_4_16'>Localit\u00e9<span class=\"gfield_required\"><span class=\"gfield_required gfield_required_asterisk\">*<\/span><\/span><\/label><div class='ginput_container ginput_container_text'><input name='input_16' id='input_4_16' type='text' value='' class='large'    placeholder='Localit\u00e9' aria-required=\"true\" aria-invalid=\"false\"   \/> <\/div><\/li><li id=\"field_4_3\" class=\"gfield gfield--type-email gf_right_half gf_email gf_label_up gfield_contains_required field_sublabel_below gfield--no-description field_description_below gfield_visibility_visible\"  data-js-reload=\"field_4_3\" ><label class='gfield_label gform-field-label' for='input_4_3'>Adresse e\u2011mail<span class=\"gfield_required\"><span class=\"gfield_required gfield_required_asterisk\">*<\/span><\/span><\/label><div class='ginput_container ginput_container_email'>\n                            <input name='input_3' id='input_4_3' type='email' value='' class='large'   placeholder='Adresse e\u2011mail' aria-required=\"true\" aria-invalid=\"false\"  \/>\n                        <\/div><\/li><li id=\"field_4_2\" class=\"gfield gfield--type-phone gf_left_half gf_telefon gf_label_up field_sublabel_below gfield--no-description field_description_below gfield_visibility_visible\"  data-js-reload=\"field_4_2\" ><label class='gfield_label gform-field-label' for='input_4_2'>T\u00e9l\u00e9phone<\/label><div class='ginput_container ginput_container_phone'><input name='input_2' id='input_4_2' type='tel' value='' class='large'  placeholder='T\u00e9l\u00e9phone'  aria-invalid=\"false\"   \/><\/div><\/li><li id=\"field_4_19\" class=\"gfield gfield--type-honeypot gform_validation_container field_sublabel_below gfield--has-description field_description_below gfield_visibility_visible\"  data-js-reload=\"field_4_19\" ><label class='gfield_label gform-field-label' for='input_4_19'>Email<\/label><div class='ginput_container'><input name='input_19' id='input_4_19' type='text' value='' autocomplete='new-password'\/><\/div><div class='gfield_description' id='gfield_description_4_19'>Ce champ n\u2019est utilis\u00e9 qu\u2019\u00e0 des fins de validation et devrait rester inchang\u00e9.<\/div><\/li><\/ul><\/div>\n        <div class='gform_footer top_label'> <input type='submit' id='gform_submit_button_4' class='gform_button button' value='Envoyer la demande'  onclick='if(window[\"gf_submitting_4\"]){return false;}  if( !jQuery(\"#gform_4\")[0].checkValidity || jQuery(\"#gform_4\")[0].checkValidity()){window[\"gf_submitting_4\"]=true;}  ' onkeypress='if( event.keyCode == 13 ){ if(window[\"gf_submitting_4\"]){return false;} if( !jQuery(\"#gform_4\")[0].checkValidity || jQuery(\"#gform_4\")[0].checkValidity()){window[\"gf_submitting_4\"]=true;}  jQuery(\"#gform_4\").trigger(\"submit\",[true]); }' \/> <input type='hidden' name='gform_ajax' value='form_id=4&amp;title=&amp;description=&amp;tabindex=0&amp;theme=data-form-theme=&#039;legacy&#039;' \/>\n            <input type='hidden' class='gform_hidden' name='is_submit_4' value='1' \/>\n            <input type='hidden' class='gform_hidden' name='gform_submit' value='4' \/>\n            \n            <input type='hidden' class='gform_hidden' name='gform_unique_id' value='' \/>\n            <input type='hidden' class='gform_hidden' name='state_4' value='WyJbXSIsImNlZDRmNGY3NmRiNGRlOGZlNGQyYTE2M2Q3YTIyNmE1Il0=' \/>\n            <input type='hidden' class='gform_hidden' name='gform_target_page_number_4' id='gform_target_page_number_4' value='0' \/>\n            <input type='hidden' class='gform_hidden' name='gform_source_page_number_4' id='gform_source_page_number_4' value='1' \/>\n            <input type='hidden' name='gform_field_values' value='' \/>\n            \n        <\/div>\n                        <\/form>\n                        <\/div>\n\t\t                <iframe style='display:none;width:0px;height:0px;' src='about:blank' name='gform_ajax_frame_4' id='gform_ajax_frame_4' title='Cette iframe contient la logique n\u00e9cessaire pour manipuler Gravity Forms avec Ajax.'><\/iframe>\n\t\t                <script type=\"text\/javascript\">\n\/* <![CDATA[ *\/\n gform.initializeOnLoaded( function() {gformInitSpinner( 4, 'https:\/\/bruderklaus.com\/wp-content\/plugins\/gravityforms\/images\/spinner.svg', true );jQuery('#gform_ajax_frame_4').on('load',function(){var contents = jQuery(this).contents().find('*').html();var is_postback = contents.indexOf('GF_AJAX_POSTBACK') >= 0;if(!is_postback){return;}var form_content = jQuery(this).contents().find('#gform_wrapper_4');var is_confirmation = jQuery(this).contents().find('#gform_confirmation_wrapper_4').length > 0;var is_redirect = contents.indexOf('gformRedirect(){') >= 0;var is_form = form_content.length > 0 && ! is_redirect && ! is_confirmation;var mt = parseInt(jQuery('html').css('margin-top'), 10) + parseInt(jQuery('body').css('margin-top'), 10) + 100;if(is_form){jQuery('#gform_wrapper_4').html(form_content.html());if(form_content.hasClass('gform_validation_error')){jQuery('#gform_wrapper_4').addClass('gform_validation_error');} else {jQuery('#gform_wrapper_4').removeClass('gform_validation_error');}setTimeout( function() { \/* delay the scroll by 50 milliseconds to fix a bug in chrome *\/ jQuery(document).scrollTop(jQuery('#gform_wrapper_4').offset().top - mt); }, 50 );if(window['gformInitDatepicker']) {gformInitDatepicker();}if(window['gformInitPriceFields']) {gformInitPriceFields();}var current_page = jQuery('#gform_source_page_number_4').val();gformInitSpinner( 4, 'https:\/\/bruderklaus.com\/wp-content\/plugins\/gravityforms\/images\/spinner.svg', true );jQuery(document).trigger('gform_page_loaded', [4, current_page]);window['gf_submitting_4'] = false;}else if(!is_redirect){var confirmation_content = jQuery(this).contents().find('.GF_AJAX_POSTBACK').html();if(!confirmation_content){confirmation_content = contents;}setTimeout(function(){jQuery('#gform_wrapper_4').replaceWith(confirmation_content);jQuery(document).scrollTop(jQuery('#gf_4').offset().top - mt);jQuery(document).trigger('gform_confirmation_loaded', [4]);window['gf_submitting_4'] = false;wp.a11y.speak(jQuery('#gform_confirmation_message_4').text());}, 50);}else{jQuery('#gform_4').append(contents);if(window['gformRedirect']) {gformRedirect();}}jQuery(document).trigger('gform_post_render', [4, current_page]);gform.utils.trigger({ event: 'gform\/postRender', native: false, data: { formId: 4, currentPage: current_page } });} );} ); \n\/* ]]> *\/\n<\/script>\n<\/div>\n<\/div>\n\n\n\n<p><strong>\u00cates-vous int\u00e9ress\u00e9 par une adh\u00e9sion collective ?<\/strong><\/p>\n\n\n\n<p>Vous \u00eates li\u00e9s \u00e0 Nicolas de Fl\u00fce et Doroth\u00e9e Wyss et \u00e0 leurs valeurs intemporelles. Vous voulez renforcer cet attachement avec nos partenaires et montrer le souvenir de ces deux grandes figures de proue. Nous vous invitons \u00e0 exprimer votre solidarit\u00e9 par une adh\u00e9sion collective.<br>Pour de plus amples informations, veuillez contacter la <a href=\"mailto:verein@bruderklaus.com\">direction<\/a><\/p>\n\n\n\n<p><strong>Membres de solidarit\u00e9<\/strong><\/p>\n\n\n\n<p><strong>Les membres de solidarit\u00e9 suivants soutiennent l&#8217;association de soutien avec une contribution annuelle \u00e0 partir de CHF 200 :<\/strong><\/p>\n\n\n\n<p><em>Frauenbund Obwalden; Einwohnergemeinde Sarnen; Einwohnergemeinde Kerns; Kirchgemeinde u. Pfarrei Ennetb\u00fcrgen; Kath. Pfarrei Buochs; Seelsorgeraum Engelbergertal; Kath. Kirchgemeinde Hergiswil; Lienert Kerzen Einsiedeln; Sch\u00f6nstatt Padres Horw; Menzinger Schwestern Menzingen; Benediktinerinnen Kloster St. Andreas Sarnen; Benediktinerinnen Kloster Melchtal Sarnen; Die Weinstube Fl\u00fceli-Ranft; Kath. Kirchgemeinde Unter\u00e4geri; Kath. Pfarrei Stansstad; Amt f\u00fcr Kultur Obwalden; Pfr. Christoph H\u00fcrlimann;<\/em> <em>Kath. Kirchgemeinde Sarnen; Villa Carona, Famiglia Deubner, Carona<\/em>.<br><em>Mars 2022 <\/em><\/p>\n","protected":false},"excerpt":{"rendered":"<p>Membres collectifs Les membres collectifs de l&#8217;association de soutien \u00abF\u00f6rderverein Niklaus von Fl\u00fce und Doroth\u00e9e Wyss\u00bb sont des organisations du r\u00e9seau, des communaut\u00e9s politiques et eccl\u00e9siastiques, des paroisses et des communaut\u00e9s, des soci\u00e9t\u00e9s, des associations et d&#8217;autres entit\u00e9s juridiques. Les membres fondateurs et collectifs qui soutiennent l&#8217;association par une contribution annuelle r\u00e9currente sont les organisations [&hellip;]<\/p>\n","protected":false},"author":3,"featured_media":2886,"parent":10815,"menu_order":70,"comment_status":"closed","ping_status":"closed","template":"","meta":{"_acf_changed":false,"footnotes":""},"acf":[],"_links":{"self":[{"href":"https:\/\/bruderklaus.com\/fr\/wp-json\/wp\/v2\/pages\/11177"}],"collection":[{"href":"https:\/\/bruderklaus.com\/fr\/wp-json\/wp\/v2\/pages"}],"about":[{"href":"https:\/\/bruderklaus.com\/fr\/wp-json\/wp\/v2\/types\/page"}],"author":[{"embeddable":true,"href":"https:\/\/bruderklaus.com\/fr\/wp-json\/wp\/v2\/users\/3"}],"replies":[{"embeddable":true,"href":"https:\/\/bruderklaus.com\/fr\/wp-json\/wp\/v2\/comments?post=11177"}],"version-history":[{"count":7,"href":"https:\/\/bruderklaus.com\/fr\/wp-json\/wp\/v2\/pages\/11177\/revisions"}],"predecessor-version":[{"id":15207,"href":"https:\/\/bruderklaus.com\/fr\/wp-json\/wp\/v2\/pages\/11177\/revisions\/15207"}],"up":[{"embeddable":true,"href":"https:\/\/bruderklaus.com\/fr\/wp-json\/wp\/v2\/pages\/10815"}],"wp:featuredmedia":[{"embeddable":true,"href":"https:\/\/bruderklaus.com\/fr\/wp-json\/wp\/v2\/media\/2886"}],"wp:attachment":[{"href":"https:\/\/bruderklaus.com\/fr\/wp-json\/wp\/v2\/media?parent=11177"}],"curies":[{"name":"wp","href":"https:\/\/api.w.org\/{rel}","templated":true}]}}