{"id":11127,"date":"2021-03-06T09:39:54","date_gmt":"2021-03-06T09:39:54","guid":{"rendered":"https:\/\/bruderklaus.com\/angebote-wallfahrt\/schulen\/literatur-und-medien\/"},"modified":"2021-06-22T15:30:08","modified_gmt":"2021-06-22T13:30:08","slug":"literatur-und-medien","status":"publish","type":"page","link":"https:\/\/bruderklaus.com\/fr\/angebote-wallfahrt\/schulen\/literatur-und-medien\/","title":{"rendered":"Litt\u00e9rature et m\u00e9dias"},"content":{"rendered":"\n<p>A l&#8217;occasion de l&#8217;ann\u00e9e comm\u00e9morative 2017 \u00ab600 ans de Nicolas de Fl\u00fce 1417\u20132017\u00bb, de nombreuses nouvelles publications pour les cours scolaires sont parues.<\/p>\n\n\n\n<div class=\"wp-block-columns is-layout-flex wp-container-core-columns-layout-1 wp-block-columns-is-layout-flex\">\n<div class=\"wp-block-column is-layout-flow wp-block-column-is-layout-flow\" style=\"flex-basis:33.33%\">\n<figure class=\"wp-block-image size-large\"><img decoding=\"async\" width=\"1024\" height=\"683\" src=\"https:\/\/bruderklaus.com\/wp-content\/uploads\/2021\/03\/buch_vernissage_nvf_weisses_buch_4-1024x683-1.jpg\" alt=\"\" class=\"wp-image-3063\"\/><\/figure>\n<\/div>\n\n\n\n<div class=\"wp-block-column is-layout-flow wp-block-column-is-layout-flow\" style=\"flex-basis:66.66%\">\n<p><strong>Litt\u00e9rature et m\u00e9dias pour les cours scolaires &#8211; une s\u00e9lection<\/strong> (en allemand)<\/p>\n\n\n\n<ul><li>Spurensuche im Mittelalter, Themenheft zur Schweizer Geschichte auf der Primarstufe<\/li><li>Geschichte verbindet, Themenheft zur Schweizer Geschichte auf der Sekundarstufe I<\/li><li>Bruder Klaus &#8211; Ann\u00e4herungen an den (Un)bekannten<\/li><li>Comic Bruder Klaus <strong>(aussi en fran\u00e7ais)<\/strong><\/li><li>und weitere<\/li><\/ul>\n\n\n\n<p>Vous trouverez le large \u00e9ventail d&#8217;offres dans le <a href=\"https:\/\/bruderklaus.com\/produkt-kategorie\/literatur\/kinder-und-jugendliche\/\">Shop<\/a>.<\/p>\n<\/div>\n<\/div>\n","protected":false},"excerpt":{"rendered":"<p>A l&#8217;occasion de l&#8217;ann\u00e9e comm\u00e9morative 2017 \u00ab600 ans de Nicolas de Fl\u00fce 1417\u20132017\u00bb, de nombreuses nouvelles publications pour les cours scolaires sont parues. Litt\u00e9rature et m\u00e9dias pour les cours scolaires &#8211; une s\u00e9lection (en allemand) Spurensuche im Mittelalter, Themenheft zur Schweizer Geschichte auf der Primarstufe Geschichte verbindet, Themenheft zur Schweizer Geschichte auf der Sekundarstufe I [&hellip;]<\/p>\n","protected":false},"author":7,"featured_media":8282,"parent":9810,"menu_order":100,"comment_status":"closed","ping_status":"closed","template":"","meta":{"_acf_changed":false,"footnotes":""},"acf":[],"_links":{"self":[{"href":"https:\/\/bruderklaus.com\/fr\/wp-json\/wp\/v2\/pages\/11127"}],"collection":[{"href":"https:\/\/bruderklaus.com\/fr\/wp-json\/wp\/v2\/pages"}],"about":[{"href":"https:\/\/bruderklaus.com\/fr\/wp-json\/wp\/v2\/types\/page"}],"author":[{"embeddable":true,"href":"https:\/\/bruderklaus.com\/fr\/wp-json\/wp\/v2\/users\/7"}],"replies":[{"embeddable":true,"href":"https:\/\/bruderklaus.com\/fr\/wp-json\/wp\/v2\/comments?post=11127"}],"version-history":[{"count":2,"href":"https:\/\/bruderklaus.com\/fr\/wp-json\/wp\/v2\/pages\/11127\/revisions"}],"predecessor-version":[{"id":11469,"href":"https:\/\/bruderklaus.com\/fr\/wp-json\/wp\/v2\/pages\/11127\/revisions\/11469"}],"up":[{"embeddable":true,"href":"https:\/\/bruderklaus.com\/fr\/wp-json\/wp\/v2\/pages\/9810"}],"wp:featuredmedia":[{"embeddable":true,"href":"https:\/\/bruderklaus.com\/fr\/wp-json\/wp\/v2\/media\/8282"}],"wp:attachment":[{"href":"https:\/\/bruderklaus.com\/fr\/wp-json\/wp\/v2\/media?parent=11127"}],"curies":[{"name":"wp","href":"https:\/\/api.w.org\/{rel}","templated":true}]}}