{"id":11123,"date":"2021-01-26T21:45:10","date_gmt":"2021-01-26T21:45:10","guid":{"rendered":"https:\/\/bruderklaus.com\/angebote-wallfahrt\/schulen\/fuehrungen\/"},"modified":"2026-04-10T10:14:44","modified_gmt":"2026-04-10T08:14:44","slug":"fuehrungen","status":"publish","type":"page","link":"https:\/\/bruderklaus.com\/fr\/angebote-wallfahrt\/schulen\/fuehrungen\/","title":{"rendered":"Visites guid\u00e9es"},"content":{"rendered":"\n<p>Nous vous offrons un large \u00e9ventail de visites guid\u00e9es sur le th\u00e8me de Nicolas de Fl\u00fce et Doroth\u00e9e Wyss. Les deux offres suivantes ont \u00e9t\u00e9 pr\u00e9par\u00e9es pour les d&#8217;\u00e9cole et les jeunes :<\/p>\n\n\n\n<div class=\"wp-block-group is-layout-flow wp-block-group-is-layout-flow\"><div class=\"wp-block-group__inner-container\">\n<div class=\"wp-block-columns is-layout-flex wp-container-core-columns-layout-1 wp-block-columns-is-layout-flex\">\n<div class=\"wp-block-column is-layout-flow wp-block-column-is-layout-flow\" style=\"flex-basis:33.33%\">\n<figure class=\"wp-block-image size-large\"><a href=\"https:\/\/bruderklaus.com\/wp-content\/uploads\/2023\/01\/Stationenweg-29.6-4-998x1024.jpg\"><img decoding=\"async\" width=\"998\" height=\"1024\" src=\"https:\/\/bruderklaus.com\/wp-content\/uploads\/2023\/01\/Stationenweg-29.6-4-998x1024.jpg\" alt=\"\" class=\"wp-image-17461\" srcset=\"https:\/\/bruderklaus.com\/wp-content\/uploads\/2023\/01\/Stationenweg-29.6-4-998x1024.jpg 998w, https:\/\/bruderklaus.com\/wp-content\/uploads\/2023\/01\/Stationenweg-29.6-4-292x300.jpg 292w, https:\/\/bruderklaus.com\/wp-content\/uploads\/2023\/01\/Stationenweg-29.6-4-768x788.jpg 768w, https:\/\/bruderklaus.com\/wp-content\/uploads\/2023\/01\/Stationenweg-29.6-4-1496x1536.jpg 1496w, https:\/\/bruderklaus.com\/wp-content\/uploads\/2023\/01\/Stationenweg-29.6-4-600x616.jpg 600w, https:\/\/bruderklaus.com\/wp-content\/uploads\/2023\/01\/Stationenweg-29.6-4.jpg 1700w\" sizes=\"(max-width: 998px) 100vw, 998px\" \/><\/a><\/figure>\n<\/div>\n\n\n\n<div class=\"wp-block-column is-layout-flow wp-block-column-is-layout-flow\" style=\"flex-basis:66.66%\">\n<p><strong>Sur la route avec Nicolas de Flue<\/strong><br>Parcours interactifs pour les enfants et les adolescen. Sur les lieux de la vie et de l\u2019activit\u00e9, les enfants et les adolescents s\u2019int\u00e9ressent activement aux \u00e9tapes importantes de la vie de Nicolas de Flue et de sa famille. L\u2019exp\u00e9rience personnelle c\u00f4toie la connaissance.<br>Recommand\u00e9 pour les \u00e9coles, premiers communicants, confirm\u00e9s.<\/p>\n\n\n\n<p>2h\u00bc \/ Prix sp\u00e9cial CHF 160, max. 25 participants par groupe<\/p>\n\n\n\n<p><a href=\"https:\/\/bruderklaus.com\/fr\/angebote-wallfahrt\/fuehrungen\/\">Demander une visite guid\u00e9e<\/a><\/p>\n<\/div>\n<\/div>\n<\/div><\/div>\n\n\n\n<div class=\"wp-block-columns is-layout-flex wp-container-core-columns-layout-2 wp-block-columns-is-layout-flex\">\n<div class=\"wp-block-column is-layout-flow wp-block-column-is-layout-flow\">\n<hr class=\"wp-block-separator has-css-opacity\"\/>\n\n\n\n<p>Sur demande, toutes nos visites peuvent \u00eatre adapt\u00e9es \u00e0 diff\u00e9rents niveaux et int\u00e9r\u00eats, y compris pour les organisations et les clubs de jeunes. Cliquez <a href=\"https:\/\/bruderklaus.com\/fr\/angebote-wallfahrt\/fuehrungen\/\">ici<\/a> pour d&#8217;autres visites guid\u00e9es et excursions.<\/p>\n<\/div>\n<\/div>\n","protected":false},"excerpt":{"rendered":"<p>Nous vous offrons un large \u00e9ventail de visites guid\u00e9es sur le th\u00e8me de Nicolas de Fl\u00fce et Doroth\u00e9e Wyss. Les deux offres suivantes ont \u00e9t\u00e9 pr\u00e9par\u00e9es pour les d&#8217;\u00e9cole et les jeunes : Sur la route avec Nicolas de FlueParcours interactifs pour les enfants et les adolescen. Sur les lieux de la vie et de [&hellip;]<\/p>\n","protected":false},"author":3,"featured_media":7206,"parent":9810,"menu_order":60,"comment_status":"closed","ping_status":"closed","template":"","meta":{"_acf_changed":false,"footnotes":""},"acf":[],"_links":{"self":[{"href":"https:\/\/bruderklaus.com\/fr\/wp-json\/wp\/v2\/pages\/11123"}],"collection":[{"href":"https:\/\/bruderklaus.com\/fr\/wp-json\/wp\/v2\/pages"}],"about":[{"href":"https:\/\/bruderklaus.com\/fr\/wp-json\/wp\/v2\/types\/page"}],"author":[{"embeddable":true,"href":"https:\/\/bruderklaus.com\/fr\/wp-json\/wp\/v2\/users\/3"}],"replies":[{"embeddable":true,"href":"https:\/\/bruderklaus.com\/fr\/wp-json\/wp\/v2\/comments?post=11123"}],"version-history":[{"count":9,"href":"https:\/\/bruderklaus.com\/fr\/wp-json\/wp\/v2\/pages\/11123\/revisions"}],"predecessor-version":[{"id":25235,"href":"https:\/\/bruderklaus.com\/fr\/wp-json\/wp\/v2\/pages\/11123\/revisions\/25235"}],"up":[{"embeddable":true,"href":"https:\/\/bruderklaus.com\/fr\/wp-json\/wp\/v2\/pages\/9810"}],"wp:featuredmedia":[{"embeddable":true,"href":"https:\/\/bruderklaus.com\/fr\/wp-json\/wp\/v2\/media\/7206"}],"wp:attachment":[{"href":"https:\/\/bruderklaus.com\/fr\/wp-json\/wp\/v2\/media?parent=11123"}],"curies":[{"name":"wp","href":"https:\/\/api.w.org\/{rel}","templated":true}]}}