{"id":11121,"date":"2021-03-31T11:54:54","date_gmt":"2021-03-31T11:54:54","guid":{"rendered":"https:\/\/bruderklaus.com\/angebote-wallfahrt\/schulen\/kurzfilm\/"},"modified":"2026-03-30T12:04:24","modified_gmt":"2026-03-30T10:04:24","slug":"kurzfilm","status":"publish","type":"page","link":"https:\/\/bruderklaus.com\/fr\/angebote-wallfahrt\/schulen\/kurzfilm\/","title":{"rendered":"Film"},"content":{"rendered":"\n<h2 class=\"wp-block-heading\">\u00abLes jeunes expliquent Nicolas de Flue\u00bb (Jugend erkl\u00e4rt Niklaus von Fl\u00fce)<\/h2>\n\n\n\n<div class=\"wp-block-columns is-layout-flex wp-container-core-columns-layout-1 wp-block-columns-is-layout-flex\">\n<div class=\"wp-block-column is-layout-flow wp-block-column-is-layout-flow\" style=\"flex-basis:33.33%\">\n<figure class=\"wp-block-image size-large\"><img decoding=\"async\" width=\"2048\" height=\"1152\" src=\"https:\/\/bruderklaus.com\/wp-content\/uploads\/2021\/03\/Film_GH_20200607_1213396.jpg\" alt=\"\" class=\"wp-image-7176\" srcset=\"https:\/\/bruderklaus.com\/wp-content\/uploads\/2021\/03\/Film_GH_20200607_1213396.jpg 2048w, https:\/\/bruderklaus.com\/wp-content\/uploads\/2021\/03\/Film_GH_20200607_1213396-300x169.jpg 300w, https:\/\/bruderklaus.com\/wp-content\/uploads\/2021\/03\/Film_GH_20200607_1213396-768x432.jpg 768w, https:\/\/bruderklaus.com\/wp-content\/uploads\/2021\/03\/Film_GH_20200607_1213396-1024x576.jpg 1024w\" sizes=\"(max-width: 2048px) 100vw, 2048px\" \/><\/figure>\n<\/div>\n\n\n\n<div class=\"wp-block-column is-layout-flow wp-block-column-is-layout-flow\" style=\"flex-basis:66.66%\">\n<p><strong>Un portrait de la vie de Nicolas de Flue<\/strong> (film en allemand)<\/p>\n\n\n\n<p>Elena et Nico, deux jeunes d&#8217;Obwald, nous guident dans la maison de leur anc\u00eatre Nicolas de Flue dans le court m\u00e9trage de 15 minutes de Martin Felix. Au cours de la promenade, ils montrent les lieux du village de Fl\u00fceli et le Ranft de Fr\u00e8re Nicolas. Ils suivent la question  comment Nicolas vivrait aujourd&#8217;hui et s&#8217;il choisirait \u00e0 nouveau le Ranft comme lieu de retraite.<\/p>\n\n\n\n<p>Le film a \u00e9t\u00e9 r\u00e9alis\u00e9 \u00e0 l&#8217;occasion de l&#8217;ann\u00e9e comm\u00e9morative 2017 \u00ab600 ans de Nicolas de Flue\u00bb dans le cadre du projet pour les \u00e9coles. <a href=\"https:\/\/www.youtube.com\/watch?v=h4lsh39QIWc&amp;t=7s\">Voir le film<\/a><\/p>\n<\/div>\n<\/div>\n","protected":false},"excerpt":{"rendered":"<p>\u00abLes jeunes expliquent Nicolas de Flue\u00bb (Jugend erkl\u00e4rt Niklaus von Fl\u00fce) Un portrait de la vie de Nicolas de Flue (film en allemand) Elena et Nico, deux jeunes d&#8217;Obwald, nous guident dans la maison de leur anc\u00eatre Nicolas de Flue dans le court m\u00e9trage de 15 minutes de Martin Felix. Au cours de la promenade, [&hellip;]<\/p>\n","protected":false},"author":7,"featured_media":7180,"parent":9810,"menu_order":50,"comment_status":"closed","ping_status":"closed","template":"","meta":{"_acf_changed":false,"footnotes":""},"acf":[],"_links":{"self":[{"href":"https:\/\/bruderklaus.com\/fr\/wp-json\/wp\/v2\/pages\/11121"}],"collection":[{"href":"https:\/\/bruderklaus.com\/fr\/wp-json\/wp\/v2\/pages"}],"about":[{"href":"https:\/\/bruderklaus.com\/fr\/wp-json\/wp\/v2\/types\/page"}],"author":[{"embeddable":true,"href":"https:\/\/bruderklaus.com\/fr\/wp-json\/wp\/v2\/users\/7"}],"replies":[{"embeddable":true,"href":"https:\/\/bruderklaus.com\/fr\/wp-json\/wp\/v2\/comments?post=11121"}],"version-history":[{"count":5,"href":"https:\/\/bruderklaus.com\/fr\/wp-json\/wp\/v2\/pages\/11121\/revisions"}],"predecessor-version":[{"id":25034,"href":"https:\/\/bruderklaus.com\/fr\/wp-json\/wp\/v2\/pages\/11121\/revisions\/25034"}],"up":[{"embeddable":true,"href":"https:\/\/bruderklaus.com\/fr\/wp-json\/wp\/v2\/pages\/9810"}],"wp:featuredmedia":[{"embeddable":true,"href":"https:\/\/bruderklaus.com\/fr\/wp-json\/wp\/v2\/media\/7180"}],"wp:attachment":[{"href":"https:\/\/bruderklaus.com\/fr\/wp-json\/wp\/v2\/media?parent=11121"}],"curies":[{"name":"wp","href":"https:\/\/api.w.org\/{rel}","templated":true}]}}