{"id":11117,"date":"2021-01-26T21:45:10","date_gmt":"2021-01-26T21:45:10","guid":{"rendered":"https:\/\/bruderklaus.com\/angebote-wallfahrt\/schulen\/unterrichtsbox\/"},"modified":"2021-06-22T14:02:09","modified_gmt":"2021-06-22T12:02:09","slug":"unterrichtsbox","status":"publish","type":"page","link":"https:\/\/bruderklaus.com\/fr\/angebote-wallfahrt\/schulen\/unterrichtsbox\/","title":{"rendered":"Kit didactique"},"content":{"rendered":"\n<div class=\"wp-block-columns is-layout-flex wp-container-core-columns-layout-1 wp-block-columns-is-layout-flex\">\n<div class=\"wp-block-column is-layout-flow wp-block-column-is-layout-flow\" style=\"flex-basis:33.33%\">\n<figure class=\"wp-block-image size-large\"><img decoding=\"async\" width=\"250\" height=\"166\" src=\"https:\/\/bruderklaus.com\/wp-content\/uploads\/2021\/04\/250_Pixel-IMG_5898.jpg\" alt=\"\" class=\"wp-image-8223\"\/><\/figure>\n<\/div>\n\n\n\n<div class=\"wp-block-column is-layout-flow wp-block-column-is-layout-flow\" style=\"flex-basis:66.66%\">\n<p><strong>Kit didactique Nicolas de Fl\u00fce<\/strong><\/p>\n\n\n\n<p>Nous fournissons gratuitement un \u00abkit didactique Nicolas de Fl\u00fce\u00bb pour la conception d\u2019une double le\u00e7on.<\/p>\n\n\n\n<p><strong>Contenu du kit<\/strong><br>Textes et v\u00eatements pour un jeu de r\u00f4les, DVD \u00abJugend erkl\u00e4rt Niklaus von Fl\u00fce\u00bb (allemand), des cartes d\u2019activit\u00e9, BD \u00abFr\u00e8re Nicolas \u2013 la merveilleuse histoire de Saint Nicolas de Fl\u00fce\u00bb, mat\u00e9riel de quiz et le plan de le\u00e7on.<br>Il convient pour les mati\u00e8res \u00e9thique et histoire aux niveaux primaire et secondaire 1 ou pour des \u00e9v\u00e9nements avec des groupes de jeunes. <\/p>\n\n\n\n<p>Frais d\u2019exp\u00e9dition postale CHF 20. Pr\u00eat possible dans toute la Suisse.<\/p>\n<\/div>\n<\/div>\n\n\n\n<p><\/p>\n","protected":false},"excerpt":{"rendered":"<p>Kit didactique Nicolas de Fl\u00fce Nous fournissons gratuitement un \u00abkit didactique Nicolas de Fl\u00fce\u00bb pour la conception d\u2019une double le\u00e7on. Contenu du kitTextes et v\u00eatements pour un jeu de r\u00f4les, DVD \u00abJugend erkl\u00e4rt Niklaus von Fl\u00fce\u00bb (allemand), des cartes d\u2019activit\u00e9, BD \u00abFr\u00e8re Nicolas \u2013 la merveilleuse histoire de Saint Nicolas de Fl\u00fce\u00bb, mat\u00e9riel de quiz [&hellip;]<\/p>\n","protected":false},"author":3,"featured_media":1928,"parent":9810,"menu_order":10,"comment_status":"closed","ping_status":"closed","template":"","meta":{"_acf_changed":false,"footnotes":""},"acf":[],"_links":{"self":[{"href":"https:\/\/bruderklaus.com\/fr\/wp-json\/wp\/v2\/pages\/11117"}],"collection":[{"href":"https:\/\/bruderklaus.com\/fr\/wp-json\/wp\/v2\/pages"}],"about":[{"href":"https:\/\/bruderklaus.com\/fr\/wp-json\/wp\/v2\/types\/page"}],"author":[{"embeddable":true,"href":"https:\/\/bruderklaus.com\/fr\/wp-json\/wp\/v2\/users\/3"}],"replies":[{"embeddable":true,"href":"https:\/\/bruderklaus.com\/fr\/wp-json\/wp\/v2\/comments?post=11117"}],"version-history":[{"count":2,"href":"https:\/\/bruderklaus.com\/fr\/wp-json\/wp\/v2\/pages\/11117\/revisions"}],"predecessor-version":[{"id":11457,"href":"https:\/\/bruderklaus.com\/fr\/wp-json\/wp\/v2\/pages\/11117\/revisions\/11457"}],"up":[{"embeddable":true,"href":"https:\/\/bruderklaus.com\/fr\/wp-json\/wp\/v2\/pages\/9810"}],"wp:featuredmedia":[{"embeddable":true,"href":"https:\/\/bruderklaus.com\/fr\/wp-json\/wp\/v2\/media\/1928"}],"wp:attachment":[{"href":"https:\/\/bruderklaus.com\/fr\/wp-json\/wp\/v2\/media?parent=11117"}],"curies":[{"name":"wp","href":"https:\/\/api.w.org\/{rel}","templated":true}]}}