{"id":11070,"date":"2021-01-26T21:44:34","date_gmt":"2021-01-26T21:44:34","guid":{"rendered":"https:\/\/bruderklaus.com\/niklaus-von-fluee-dorothee-wyss\/gebete\/bruder-klaus-gebet\/"},"modified":"2022-04-22T08:55:41","modified_gmt":"2022-04-22T06:55:41","slug":"bruder-klaus-gebet","status":"publish","type":"page","link":"https:\/\/bruderklaus.com\/fr\/niklaus-von-fluee-dorothee-wyss\/gebete\/bruder-klaus-gebet\/","title":{"rendered":"Pri\u00e8re de Saint Nicolas"},"content":{"rendered":"\n<div class=\"wp-block-media-text alignwide is-stacked-on-mobile is-vertically-aligned-top is-image-fill block-box-wrap gebete-block has-color-26-background-color has-background\"><figure class=\"wp-block-media-text__media\" style=\"background-image:url(https:\/\/bruderklaus.com\/wp-content\/uploads\/2021\/03\/aeltestes-Bild_Datei-von-von-Ah-Druck_zugeschnitten-\u00a9-Bruder-Klaus-Sachseln-683x1024.jpg);background-position:50% 50%\"><img decoding=\"async\" src=\"https:\/\/bruderklaus.com\/wp-content\/uploads\/2021\/03\/aeltestes-Bild_Datei-von-von-Ah-Druck_zugeschnitten-\u00a9-Bruder-Klaus-Sachseln-683x1024.jpg\" alt=\"\" class=\"wp-image-2739 size-full\"\/><\/figure><div class=\"wp-block-media-text__content\">\n<h2 class=\"wp-block-heading\"><strong>Pri\u00e8re de Saint Nicolas de Fl\u00fce&nbsp;<\/strong><\/h2>\n\n\n\n<p>Mon Seigneur et mon Dieu,<br>prends-moi tout<br>ce qui m\u2019\u00e9loigne de Toi.<\/p>\n\n\n\n<p>Mon Seigneur et mon Dieu,<br>donne-moi tout<br>ce qui me rapproche de Toi.<\/p>\n\n\n\n<p>Mon Seigneur et mon Dieu,<br>d\u00e9tache-moi de moi-m\u00eame<br>pour me donner tout \u00e0 Toi.<\/p>\n<\/div><\/div>\n","protected":false},"excerpt":{"rendered":"<p>Pri\u00e8re de Saint Nicolas de Fl\u00fce&nbsp; Mon Seigneur et mon Dieu,prends-moi toutce qui m\u2019\u00e9loigne de Toi. Mon Seigneur et mon Dieu,donne-moi toutce qui me rapproche de Toi. Mon Seigneur et mon Dieu,d\u00e9tache-moi de moi-m\u00eamepour me donner tout \u00e0 Toi.<\/p>\n","protected":false},"author":3,"featured_media":1886,"parent":10994,"menu_order":70,"comment_status":"closed","ping_status":"closed","template":"","meta":{"_acf_changed":false,"footnotes":""},"acf":[],"_links":{"self":[{"href":"https:\/\/bruderklaus.com\/fr\/wp-json\/wp\/v2\/pages\/11070"}],"collection":[{"href":"https:\/\/bruderklaus.com\/fr\/wp-json\/wp\/v2\/pages"}],"about":[{"href":"https:\/\/bruderklaus.com\/fr\/wp-json\/wp\/v2\/types\/page"}],"author":[{"embeddable":true,"href":"https:\/\/bruderklaus.com\/fr\/wp-json\/wp\/v2\/users\/3"}],"replies":[{"embeddable":true,"href":"https:\/\/bruderklaus.com\/fr\/wp-json\/wp\/v2\/comments?post=11070"}],"version-history":[{"count":5,"href":"https:\/\/bruderklaus.com\/fr\/wp-json\/wp\/v2\/pages\/11070\/revisions"}],"predecessor-version":[{"id":15746,"href":"https:\/\/bruderklaus.com\/fr\/wp-json\/wp\/v2\/pages\/11070\/revisions\/15746"}],"up":[{"embeddable":true,"href":"https:\/\/bruderklaus.com\/fr\/wp-json\/wp\/v2\/pages\/10994"}],"wp:featuredmedia":[{"embeddable":true,"href":"https:\/\/bruderklaus.com\/fr\/wp-json\/wp\/v2\/media\/1886"}],"wp:attachment":[{"href":"https:\/\/bruderklaus.com\/fr\/wp-json\/wp\/v2\/media?parent=11070"}],"curies":[{"name":"wp","href":"https:\/\/api.w.org\/{rel}","templated":true}]}}