{"id":11068,"date":"2021-01-26T21:44:34","date_gmt":"2021-01-26T21:44:34","guid":{"rendered":"https:\/\/bruderklaus.com\/niklaus-von-fluee-dorothee-wyss\/frieden\/friedensmessen-friedensgebete\/"},"modified":"2022-04-05T10:02:22","modified_gmt":"2022-04-05T08:02:22","slug":"friedensmessen-friedensgebete","status":"publish","type":"page","link":"https:\/\/bruderklaus.com\/fr\/niklaus-von-fluee-dorothee-wyss\/frieden\/friedensmessen-friedensgebete\/","title":{"rendered":"Pri\u00e8res\/messes pour la paix"},"content":{"rendered":"\n<div class=\"wp-block-columns is-layout-flex wp-container-core-columns-layout-1 wp-block-columns-is-layout-flex\">\n<div class=\"wp-block-column is-layout-flow wp-block-column-is-layout-flow\">\n<h1 class=\"wp-block-heading\">Pri\u00e8res et messes pour la paix<\/h1>\n\n\n\n<p>La vie de Nicolas von Fl\u00fce est un message de paix. Il n\u2019a pas seulement \u00e9tabli la paix parmi les Conf\u00e9d\u00e9res \u00e0 la Di\u00e8te de Stans en 1481, mais bien plus, il a cherch\u00e9 la paix et l\u2019unit\u00e9 en Dieu.<\/p>\n\n\n\n<p>Nicolas a v\u00e9cu dans des temps agit\u00e9s, aujourd\u2019hui encore la paix est menac\u00e9e, en petit comme en grand. Nous vous invitons \u00e0 vous joindre \u00e0 nous et \u00e0 prier avec nous pour la paix dans le monde.<\/p>\n<\/div>\n<\/div>\n\n\n\n<div class=\"wp-block-columns is-layout-flex wp-container-core-columns-layout-2 wp-block-columns-is-layout-flex\">\n<div class=\"wp-block-column is-layout-flow wp-block-column-is-layout-flow\" style=\"flex-basis:33.33%\">\n<figure class=\"wp-block-image size-large\"><img decoding=\"async\" width=\"1000\" height=\"786\" src=\"https:\/\/bruderklaus.com\/wp-content\/uploads\/2021\/03\/orte_sachseln_pfarrkirche_grabaltar0000811-2-1-1-1.jpg\" alt=\"\" class=\"wp-image-879\" srcset=\"https:\/\/bruderklaus.com\/wp-content\/uploads\/2021\/03\/orte_sachseln_pfarrkirche_grabaltar0000811-2-1-1-1.jpg 1000w, https:\/\/bruderklaus.com\/wp-content\/uploads\/2021\/03\/orte_sachseln_pfarrkirche_grabaltar0000811-2-1-1-1-300x236.jpg 300w, https:\/\/bruderklaus.com\/wp-content\/uploads\/2021\/03\/orte_sachseln_pfarrkirche_grabaltar0000811-2-1-1-1-768x604.jpg 768w\" sizes=\"(max-width: 1000px) 100vw, 1000px\" \/><\/figure>\n<\/div>\n\n\n\n<div class=\"wp-block-column is-layout-flow wp-block-column-is-layout-flow\" style=\"flex-basis:66.66%\">\n<h2 class=\"wp-block-heading\"><strong>Bruder-Klausen-Messe \u00e0 Sachseln<\/strong><\/h2>\n\n\n\n<p>Dans l\u2019\u00e9glise paroissiale, \u00e0 l\u2019autel de Saint Nicolas de Fl\u00fce, une messe pour la paix est c\u00e9l\u00e9br\u00e9e tous les jeudis.<\/p>\n\n\n\n<p>Mai \u00e0 octobre \u00e0 11h<br>Novembre \u00e0 avril \u00e0 9h15<br>Toute l\u2019ann\u00e9e, le premier mardi du mois \u00e0 14h30.<\/p>\n\n\n\n\n\n<p>Vous \u00eates tous invit\u00e9s \u00e0 partager les pr\u00e9occupations de paix avec votre pri\u00e8re, o\u00f9 que vous soyez.<\/p>\n\n\n<\/div>\n<\/div>\n\n\n\n<div class=\"wp-block-columns is-layout-flex wp-container-core-columns-layout-3 wp-block-columns-is-layout-flex\">\n<div class=\"wp-block-column is-layout-flow wp-block-column-is-layout-flow\">\n<hr class=\"wp-block-separator\"\/>\n<\/div>\n<\/div>\n\n\n\n<div class=\"wp-block-columns is-layout-flex wp-container-core-columns-layout-4 wp-block-columns-is-layout-flex\">\n<div class=\"wp-block-column is-layout-flow wp-block-column-is-layout-flow\" style=\"flex-basis:33.33%\">\n<figure class=\"wp-block-image size-large\"><img decoding=\"async\" width=\"1024\" height=\"680\" src=\"https:\/\/bruderklaus.com\/wp-content\/uploads\/2021\/03\/ranft-glise-infrieure-51-1024x680.jpg\" alt=\"\" class=\"wp-image-1856\" srcset=\"https:\/\/bruderklaus.com\/wp-content\/uploads\/2021\/03\/ranft-glise-infrieure-51-1024x680.jpg 1024w, https:\/\/bruderklaus.com\/wp-content\/uploads\/2021\/03\/ranft-glise-infrieure-51-300x199.jpg 300w, https:\/\/bruderklaus.com\/wp-content\/uploads\/2021\/03\/ranft-glise-infrieure-51-768x510.jpg 768w, https:\/\/bruderklaus.com\/wp-content\/uploads\/2021\/03\/ranft-glise-infrieure-51-1536x1020.jpg 1536w, https:\/\/bruderklaus.com\/wp-content\/uploads\/2021\/03\/ranft-glise-infrieure-51-600x398.jpg 600w, https:\/\/bruderklaus.com\/wp-content\/uploads\/2021\/03\/ranft-glise-infrieure-51.jpg 2048w\" sizes=\"(max-width: 1024px) 100vw, 1024px\" \/><\/figure>\n<\/div>\n\n\n\n<div class=\"wp-block-column is-layout-flow wp-block-column-is-layout-flow\" style=\"flex-basis:66.66%\">\n<h2 class=\"wp-block-heading\"><strong>Pri\u00e8re pour la paix au Ranft<\/strong><\/h2>\n\n\n\n<p>Prier pour la paix dans le monde avec Fr\u00e8re Klaus et Doroth\u00e9e,<br>en novembre, tous les soirs \u00e0 19.30h dans la chapelle inf\u00e9rieure du Ranft,<br>Eucharistie ou liturgie de la parole<\/p>\n\n\n\n<p><strong>Les groupes sont invit\u00e9s \u00e0 pr\u00e9parer une c\u00e9l\u00e9bration.<\/strong><\/p>\n\n\n\n<p>Inscription au secr\u00e9tariat: <a href=\"https:\/\/bruderklaus.com\/wp-admin\/post.php?post=201&amp;action=edit&amp;lang=de\">Wallfahrtsb\u00fcro<\/a><\/p>\n<\/div>\n<\/div>\n\n\n\n<div class=\"wp-block-columns is-layout-flex wp-container-core-columns-layout-5 wp-block-columns-is-layout-flex\">\n<div class=\"wp-block-column is-layout-flow wp-block-column-is-layout-flow\">\n<hr class=\"wp-block-separator\"\/>\n<\/div>\n<\/div>\n\n\n\n<div class=\"wp-block-columns is-layout-flex wp-container-core-columns-layout-6 wp-block-columns-is-layout-flex\">\n<div class=\"wp-block-column is-layout-flow wp-block-column-is-layout-flow\" style=\"flex-basis:33.33%\">\n<figure class=\"wp-block-image size-large\"><img decoding=\"async\" width=\"1000\" height=\"804\" src=\"https:\/\/bruderklaus.com\/wp-content\/uploads\/2021\/03\/obere-ranftkapelle-innenraum-1.jpg\" alt=\"\" class=\"wp-image-867\" srcset=\"https:\/\/bruderklaus.com\/wp-content\/uploads\/2021\/03\/obere-ranftkapelle-innenraum-1.jpg 1000w, https:\/\/bruderklaus.com\/wp-content\/uploads\/2021\/03\/obere-ranftkapelle-innenraum-1-300x241.jpg 300w, https:\/\/bruderklaus.com\/wp-content\/uploads\/2021\/03\/obere-ranftkapelle-innenraum-1-768x617.jpg 768w\" sizes=\"(max-width: 1000px) 100vw, 1000px\" \/><\/figure>\n<\/div>\n\n\n\n<div class=\"wp-block-column is-layout-flow wp-block-column-is-layout-flow\" style=\"flex-basis:66.66%\">\n<h2 class=\"wp-block-heading\"><strong>Se taire et prier pour la paix<br><\/strong><\/h2>\n\n\n\n<p>Tous les vendredis de 18.30 \u00e0 19 h nous prions dans la chapelle sup\u00e9rieure du Ranft que les armes se taisent en Ukraine.<br><\/p>\n\n\n\n<p><\/p>\n\n\n\n<p><\/p>\n<\/div>\n<\/div>\n\n\n\n<p><strong>Les services des groupes de p\u00e8lerins dans le Ranft sont indiqu\u00e9s dans la bo\u00eete d&#8217;affichage \u00e0 la descente du Ranft.<\/strong><\/p>\n","protected":false},"excerpt":{"rendered":"<p>Pri\u00e8res et messes pour la paix La vie de Nicolas von Fl\u00fce est un message de paix. Il n\u2019a pas seulement \u00e9tabli la paix parmi les Conf\u00e9d\u00e9res \u00e0 la Di\u00e8te de Stans en 1481, mais bien plus, il a cherch\u00e9 la paix et l\u2019unit\u00e9 en Dieu. Nicolas a v\u00e9cu dans des temps agit\u00e9s, aujourd\u2019hui encore [&hellip;]<\/p>\n","protected":false},"author":3,"featured_media":3246,"parent":10527,"menu_order":130,"comment_status":"closed","ping_status":"closed","template":"","meta":{"_acf_changed":false,"footnotes":""},"acf":[],"_links":{"self":[{"href":"https:\/\/bruderklaus.com\/fr\/wp-json\/wp\/v2\/pages\/11068"}],"collection":[{"href":"https:\/\/bruderklaus.com\/fr\/wp-json\/wp\/v2\/pages"}],"about":[{"href":"https:\/\/bruderklaus.com\/fr\/wp-json\/wp\/v2\/types\/page"}],"author":[{"embeddable":true,"href":"https:\/\/bruderklaus.com\/fr\/wp-json\/wp\/v2\/users\/3"}],"replies":[{"embeddable":true,"href":"https:\/\/bruderklaus.com\/fr\/wp-json\/wp\/v2\/comments?post=11068"}],"version-history":[{"count":5,"href":"https:\/\/bruderklaus.com\/fr\/wp-json\/wp\/v2\/pages\/11068\/revisions"}],"predecessor-version":[{"id":15366,"href":"https:\/\/bruderklaus.com\/fr\/wp-json\/wp\/v2\/pages\/11068\/revisions\/15366"}],"up":[{"embeddable":true,"href":"https:\/\/bruderklaus.com\/fr\/wp-json\/wp\/v2\/pages\/10527"}],"wp:featuredmedia":[{"embeddable":true,"href":"https:\/\/bruderklaus.com\/fr\/wp-json\/wp\/v2\/media\/3246"}],"wp:attachment":[{"href":"https:\/\/bruderklaus.com\/fr\/wp-json\/wp\/v2\/media?parent=11068"}],"curies":[{"name":"wp","href":"https:\/\/api.w.org\/{rel}","templated":true}]}}