{"id":11066,"date":"2021-01-26T21:44:34","date_gmt":"2021-01-26T21:44:34","guid":{"rendered":"https:\/\/bruderklaus.com\/niklaus-von-fluee-dorothee-wyss\/frieden\/friedenslicht\/"},"modified":"2025-12-03T11:23:31","modified_gmt":"2025-12-03T10:23:31","slug":"friedenslicht","status":"publish","type":"page","link":"https:\/\/bruderklaus.com\/fr\/niklaus-von-fluee-dorothee-wyss\/frieden\/friedenslicht\/","title":{"rendered":"Lumi\u00e8re pour la paix"},"content":{"rendered":"\n<h2 class=\"wp-block-heading\">La lumi\u00e8re pour la paix de Bethl\u00e9em<\/h2>\n\n\n\n<div class=\"wp-block-columns is-layout-flex wp-container-core-columns-layout-2 wp-block-columns-is-layout-flex\">\n<div class=\"wp-block-column is-layout-flow wp-block-column-is-layout-flow\">\n<p>Depuis 1986 la lumi\u00e8re pour la paix est rallum\u00e9e en novembre dans la grotte de la Nativit\u00e9 et apport\u00e9e en Europe en signe d&#8217;espoir et d&#8217;unit\u00e9, en passant par Vienne et aussi au Ranft, ce lieu significatif d&#8217;esp\u00e9rance de paix. <\/p>\n\n\n\n<p><strong>Depuis d\u00e9cembre 2020 la lumi\u00e8re pour la paix brille toute l&#8217;ann\u00e9e dans la chapelle inf\u00e9rieure du Ranft. <\/strong><\/p>\n\n\n\n<div class=\"wp-block-columns is-layout-flex wp-container-core-columns-layout-1 wp-block-columns-is-layout-flex\">\n<div class=\"wp-block-column is-layout-flow wp-block-column-is-layout-flow\" style=\"flex-basis:33.33%\">\n<figure class=\"wp-block-image size-large\"><img decoding=\"async\" width=\"1440\" height=\"2560\" src=\"https:\/\/bruderklaus.com\/wp-content\/uploads\/2021\/03\/201213_ranft_ankunft-friedenslicht-aus-bethlehem-20201213_172405-30-scaled1.jpg\" alt=\"\" class=\"wp-image-2135\"\/><\/figure>\n<\/div>\n\n\n\n<div class=\"wp-block-column is-layout-flow wp-block-column-is-layout-flow\" style=\"flex-basis:66.66%\">\n<p>Une invitation \u00e0 descendre toute l&#8217;ann\u00e9e dans les gorges du Ranft et \u00e0 rapporter chez soi la lumi`re de l&#8217;esp\u00e9rance charg\u00e9e du message de paix de Fr\u00e8re Nicolas. <\/p>\n\n\n\n<p><\/p>\n\n\n\n<p><strong>Un voyage de lumi\u00e8re de Bethl\u00e9em au Ranft<br><\/strong>Marie, une jeune fille de neuf ans de Bethl\u00e9em, a allum\u00e9 la lumi\u00e8re pour la paix 2020 dans la la grotte de la Nativit\u00e9 de J\u00e9sus. Lisez le r\u00e9cit du voyage aventureux de Bethl\u00e9em au Ranft <a href=\"https:\/\/bruderklaus.com\/wp-content\/uploads\/2021\/05\/2020_Friedenslicht-erzaehlt-Reisebericht-A4.pdf\">ici<\/a><\/p>\n\n\n\n<p><strong>Nouvelle arriv\u00e9e de la lumi\u00e8re pour la paix<\/strong> <strong>chaque ann\u00e9e le 3\u00e8me dimanche de l&#8217;Avent.<\/strong><\/p>\n\n\n\n<hr class=\"wp-block-separator has-css-opacity\"\/>\n\n\n\n<h2 class=\"wp-block-heading\">Nouvelle arriv\u00e9e 2025: dimanche 14 d\u00e9cembre, 18 heures, chapelle inferieure du Ranft<\/h2>\n\n\n\n<p>Des bougies de lumi\u00e8re de la paix pour porter la lumi\u00e8re \u00e0 la maison sont disponibles \u00e0 la chapelle, au <a href=\"https:\/\/bruderklaus.com\/fr\/orte-informationen\/ranft\/ranftladen\/\">boutique Ranft<\/a> et dans la <a href=\"https:\/\/bruderklaus.com\/shop\/\">boutique en ligne<\/a>.<br><\/p>\n<\/div>\n<\/div>\n<\/div>\n<\/div>\n\n\n\n<p><\/p>\n","protected":false},"excerpt":{"rendered":"<p>La lumi\u00e8re pour la paix de Bethl\u00e9em Depuis 1986 la lumi\u00e8re pour la paix est rallum\u00e9e en novembre dans la grotte de la Nativit\u00e9 et apport\u00e9e en Europe en signe d&#8217;espoir et d&#8217;unit\u00e9, en passant par Vienne et aussi au Ranft, ce lieu significatif d&#8217;esp\u00e9rance de paix. Depuis d\u00e9cembre 2020 la lumi\u00e8re pour la paix [&hellip;]<\/p>\n","protected":false},"author":3,"featured_media":2352,"parent":10527,"menu_order":170,"comment_status":"closed","ping_status":"closed","template":"","meta":{"_acf_changed":false,"footnotes":""},"acf":[],"_links":{"self":[{"href":"https:\/\/bruderklaus.com\/fr\/wp-json\/wp\/v2\/pages\/11066"}],"collection":[{"href":"https:\/\/bruderklaus.com\/fr\/wp-json\/wp\/v2\/pages"}],"about":[{"href":"https:\/\/bruderklaus.com\/fr\/wp-json\/wp\/v2\/types\/page"}],"author":[{"embeddable":true,"href":"https:\/\/bruderklaus.com\/fr\/wp-json\/wp\/v2\/users\/3"}],"replies":[{"embeddable":true,"href":"https:\/\/bruderklaus.com\/fr\/wp-json\/wp\/v2\/comments?post=11066"}],"version-history":[{"count":11,"href":"https:\/\/bruderklaus.com\/fr\/wp-json\/wp\/v2\/pages\/11066\/revisions"}],"predecessor-version":[{"id":23858,"href":"https:\/\/bruderklaus.com\/fr\/wp-json\/wp\/v2\/pages\/11066\/revisions\/23858"}],"up":[{"embeddable":true,"href":"https:\/\/bruderklaus.com\/fr\/wp-json\/wp\/v2\/pages\/10527"}],"wp:featuredmedia":[{"embeddable":true,"href":"https:\/\/bruderklaus.com\/fr\/wp-json\/wp\/v2\/media\/2352"}],"wp:attachment":[{"href":"https:\/\/bruderklaus.com\/fr\/wp-json\/wp\/v2\/media?parent=11066"}],"curies":[{"name":"wp","href":"https:\/\/api.w.org\/{rel}","templated":true}]}}