{"id":11051,"date":"2021-05-30T12:48:14","date_gmt":"2021-05-30T10:48:14","guid":{"rendered":"https:\/\/bruderklaus.com\/orte-informationen\/pilgerwege\/bruderklausenweg-2\/"},"modified":"2022-04-24T16:08:53","modified_gmt":"2022-04-24T14:08:53","slug":"bruderklausenweg-2","status":"publish","type":"page","link":"https:\/\/bruderklaus.com\/fr\/orte-informationen\/pilgerwege\/bruderklausenweg-2\/","title":{"rendered":"Bruderklausenweg"},"content":{"rendered":"\n<h2 class=\"wp-block-heading\">Bruderklausenweg (chemin du Fr\u00e8re Nicolas) du Stans au Ranft<\/h2>\n\n\n\n<p>Le chemin de Fr\u00e8re Nicolas (Bruderklausenweg) m\u00e8ne le long du chemin de Saint-Jacques de Stans au Ranft.<\/p>\n\n\n\n<p>Le chemin p\u00e9destre entre Stans en Nidwald et le Ranft a \u00e9t\u00e9 ouvert en 1981 \u00e0 l&#8217;occasion du 500e anniversaire de la \u00abdi\u00e8te de Stans\u00bb de 1481. Il suit les traces du pasteur Heimo Amgrund, qui a emprunt\u00e9 ce chemin dans la nuit du 21 au 22 d\u00e9cembre 1481 pour s&#8217;entretenir avec Fr\u00e8re Klaus au Ranft. Le pasteur Amgrund s&#8217;empressa de transmettre le conseil de l&#8217;ermite du Ranft \u00e0 la di\u00e8te de Stans et obtint ainsi l&#8217;accord des Conf\u00e9d\u00e9r\u00e9s divis\u00e9s. Cet \u00e9v\u00e9nement politico-historique est entr\u00e9 dans les livres d&#8217;histoire sous le nom de \u00abPaix de Stans\u00bb.<\/p>\n\n\n\n<p>A l&#8217;occasion de l&#8217;ann\u00e9e comm\u00e9morative 2017 \u00ab600 ans de Nicolas de Fl\u00fce\u00bb, le chemin a \u00e9t\u00e9 r\u00e9nov\u00e9. Il est balis\u00e9 avec des panneaux indicateurs jaunes et l&#8217;image de la roue ainsi que des champs d&#8217;itin\u00e9raire verts de Suisse Mobile n\u00b0 571.<\/p>\n\n\n\n<p>Itin\u00e9raire : 20 km \/ mont\u00e9e : 800 m \/ descente : 780 m \/ temps de marche env. 5 \u00bd heures<\/p>\n\n\n\n<p><a href=\"https:\/\/bruderklaus.com\/wp-content\/uploads\/2022\/04\/Bruderklausenweg-Stans-Ranft-1.pdf\">en plus<\/a><\/p>\n\n\n\n<p><a href=\"https:\/\/map.schweizmobil.ch\/?lang=de&amp;land=wanderland&amp;route=571&amp;bgLayer=pk&amp;season=summer&amp;resolution=16.56&amp;E=2665826&amp;N=1195928&amp;photos=yes&amp;logo=yes&amp;layers=Wanderland\">Route<\/a><\/p>\n\n\n\n<div class=\"wp-block-columns is-layout-flex wp-container-core-columns-layout-1 wp-block-columns-is-layout-flex\">\n<div class=\"wp-block-column is-layout-flow wp-block-column-is-layout-flow\">\n<figure class=\"wp-block-image size-large\"><img decoding=\"async\" src=\"https:\/\/bruderklaus.com\/wp-content\/uploads\/2021\/03\/Bruderklausenweg_Besinnungsweg-Ennetmoos20200719_105901-1-1024x768.jpg\" alt=\"\" class=\"wp-image-3584\"\/><\/figure>\n<\/div>\n\n\n\n<div class=\"wp-block-column is-layout-flow wp-block-column-is-layout-flow\">\n<h2 class=\"wp-block-heading\">Chemin de m\u00e9ditation Ennetmoos<\/h2>\n\n\n\n<p>Six panneaux d&#8217;impulsion invitent \u00e0 r\u00e9fl\u00e9chir \u00e0 la vie et \u00e0 l&#8217;\u0153uvre de Nicolas de Fl\u00fce et \u00e0 leur signification pour nous aujourd&#8217;hui (en allemand).<\/p>\n\n\n\n<p><a href=\"https:\/\/www.kirche-ennetmoos.ch\/category\/aus-dem-leben-der-pfarrei\/page\/113\/?nggpage=10\">en plus<\/a><\/p>\n<\/div>\n<\/div>\n","protected":false},"excerpt":{"rendered":"<p>Bruderklausenweg (chemin du Fr\u00e8re Nicolas) du Stans au Ranft Le chemin de Fr\u00e8re Nicolas (Bruderklausenweg) m\u00e8ne le long du chemin de Saint-Jacques de Stans au Ranft. Le chemin p\u00e9destre entre Stans en Nidwald et le Ranft a \u00e9t\u00e9 ouvert en 1981 \u00e0 l&#8217;occasion du 500e anniversaire de la \u00abdi\u00e8te de Stans\u00bb de 1481. Il suit [&hellip;]<\/p>\n","protected":false},"author":7,"featured_media":1663,"parent":9608,"menu_order":270,"comment_status":"closed","ping_status":"closed","template":"","meta":{"_acf_changed":false,"footnotes":""},"acf":[],"_links":{"self":[{"href":"https:\/\/bruderklaus.com\/fr\/wp-json\/wp\/v2\/pages\/11051"}],"collection":[{"href":"https:\/\/bruderklaus.com\/fr\/wp-json\/wp\/v2\/pages"}],"about":[{"href":"https:\/\/bruderklaus.com\/fr\/wp-json\/wp\/v2\/types\/page"}],"author":[{"embeddable":true,"href":"https:\/\/bruderklaus.com\/fr\/wp-json\/wp\/v2\/users\/7"}],"replies":[{"embeddable":true,"href":"https:\/\/bruderklaus.com\/fr\/wp-json\/wp\/v2\/comments?post=11051"}],"version-history":[{"count":4,"href":"https:\/\/bruderklaus.com\/fr\/wp-json\/wp\/v2\/pages\/11051\/revisions"}],"predecessor-version":[{"id":15844,"href":"https:\/\/bruderklaus.com\/fr\/wp-json\/wp\/v2\/pages\/11051\/revisions\/15844"}],"up":[{"embeddable":true,"href":"https:\/\/bruderklaus.com\/fr\/wp-json\/wp\/v2\/pages\/9608"}],"wp:featuredmedia":[{"embeddable":true,"href":"https:\/\/bruderklaus.com\/fr\/wp-json\/wp\/v2\/media\/1663"}],"wp:attachment":[{"href":"https:\/\/bruderklaus.com\/fr\/wp-json\/wp\/v2\/media?parent=11051"}],"curies":[{"name":"wp","href":"https:\/\/api.w.org\/{rel}","templated":true}]}}